{"id":10,"date":"2010-09-17T19:19:19","date_gmt":"2010-09-17T19:19:19","guid":{"rendered":"http:\/\/www.larsandersjohansson.se\/wordpress\/?page_id=10"},"modified":"2021-06-16T21:42:49","modified_gmt":"2021-06-16T19:42:49","slug":"galleri","status":"publish","type":"page","link":"https:\/\/www.larsandersjohansson.se\/?page_id=10","title":{"rendered":"Galleri"},"content":{"rendered":"\n<h2>Pressbilder<\/h2>\n\n\n\n<figure class=\"is-layout-flex wp-block-gallery-1 wp-block-gallery columns-2 is-cropped\"><ul class=\"blocks-gallery-grid\"><li class=\"blocks-gallery-item\"><figure><a href=\"https:\/\/www.larsandersjohansson.se\/wordpress\/wp-content\/uploads\/2021\/06\/WAH1605.jpg\"><img decoding=\"async\" loading=\"lazy\" width=\"1024\" height=\"683\" src=\"https:\/\/www.larsandersjohansson.se\/wordpress\/wp-content\/uploads\/2021\/06\/WAH1605-1024x683.jpg\" alt=\"\" data-id=\"6288\" data-full-url=\"https:\/\/www.larsandersjohansson.se\/wordpress\/wp-content\/uploads\/2021\/06\/WAH1605.jpg\" data-link=\"https:\/\/www.larsandersjohansson.se\/?attachment_id=6288\" class=\"wp-image-6288\" srcset=\"https:\/\/www.larsandersjohansson.se\/wordpress\/wp-content\/uploads\/2021\/06\/WAH1605-1024x683.jpg 1024w, https:\/\/www.larsandersjohansson.se\/wordpress\/wp-content\/uploads\/2021\/06\/WAH1605-300x200.jpg 300w, https:\/\/www.larsandersjohansson.se\/wordpress\/wp-content\/uploads\/2021\/06\/WAH1605-768x512.jpg 768w, https:\/\/www.larsandersjohansson.se\/wordpress\/wp-content\/uploads\/2021\/06\/WAH1605-1536x1025.jpg 1536w, https:\/\/www.larsandersjohansson.se\/wordpress\/wp-content\/uploads\/2021\/06\/WAH1605-840x560.jpg 840w, https:\/\/www.larsandersjohansson.se\/wordpress\/wp-content\/uploads\/2021\/06\/WAH1605-120x80.jpg 120w, https:\/\/www.larsandersjohansson.se\/wordpress\/wp-content\/uploads\/2021\/06\/WAH1605-360x240.jpg 360w, https:\/\/www.larsandersjohansson.se\/wordpress\/wp-content\/uploads\/2021\/06\/WAH1605-600x400.jpg 600w, https:\/\/www.larsandersjohansson.se\/wordpress\/wp-content\/uploads\/2021\/06\/WAH1605.jpg 1680w\" sizes=\"(max-width: 1024px) 100vw, 1024px\" \/><\/a><figcaption class=\"blocks-gallery-item__caption\">Foto: Helena Wahlman<\/figcaption><\/figure><\/li><li class=\"blocks-gallery-item\"><figure><a href=\"https:\/\/www.larsandersjohansson.se\/wordpress\/wp-content\/uploads\/2021\/06\/WAH1499.jpg\"><img decoding=\"async\" loading=\"lazy\" width=\"1024\" height=\"683\" src=\"https:\/\/www.larsandersjohansson.se\/wordpress\/wp-content\/uploads\/2021\/06\/WAH1499-1024x683.jpg\" alt=\"\" data-id=\"6287\" data-full-url=\"https:\/\/www.larsandersjohansson.se\/wordpress\/wp-content\/uploads\/2021\/06\/WAH1499.jpg\" data-link=\"https:\/\/www.larsandersjohansson.se\/?attachment_id=6287\" class=\"wp-image-6287\" srcset=\"https:\/\/www.larsandersjohansson.se\/wordpress\/wp-content\/uploads\/2021\/06\/WAH1499-1024x683.jpg 1024w, https:\/\/www.larsandersjohansson.se\/wordpress\/wp-content\/uploads\/2021\/06\/WAH1499-300x200.jpg 300w, https:\/\/www.larsandersjohansson.se\/wordpress\/wp-content\/uploads\/2021\/06\/WAH1499-768x512.jpg 768w, https:\/\/www.larsandersjohansson.se\/wordpress\/wp-content\/uploads\/2021\/06\/WAH1499-1536x1025.jpg 1536w, https:\/\/www.larsandersjohansson.se\/wordpress\/wp-content\/uploads\/2021\/06\/WAH1499-840x560.jpg 840w, https:\/\/www.larsandersjohansson.se\/wordpress\/wp-content\/uploads\/2021\/06\/WAH1499-120x80.jpg 120w, https:\/\/www.larsandersjohansson.se\/wordpress\/wp-content\/uploads\/2021\/06\/WAH1499-360x240.jpg 360w, https:\/\/www.larsandersjohansson.se\/wordpress\/wp-content\/uploads\/2021\/06\/WAH1499-600x400.jpg 600w, https:\/\/www.larsandersjohansson.se\/wordpress\/wp-content\/uploads\/2021\/06\/WAH1499.jpg 1680w\" sizes=\"(max-width: 1024px) 100vw, 1024px\" \/><\/a><figcaption class=\"blocks-gallery-item__caption\">Foto: Helena Wahlman<\/figcaption><\/figure><\/li><li class=\"blocks-gallery-item\"><figure><a href=\"https:\/\/www.larsandersjohansson.se\/wordpress\/wp-content\/uploads\/2021\/06\/WAH1453.jpg\"><img decoding=\"async\" loading=\"lazy\" width=\"1024\" height=\"683\" src=\"https:\/\/www.larsandersjohansson.se\/wordpress\/wp-content\/uploads\/2021\/06\/WAH1453-1024x683.jpg\" alt=\"\" data-id=\"6286\" data-full-url=\"https:\/\/www.larsandersjohansson.se\/wordpress\/wp-content\/uploads\/2021\/06\/WAH1453.jpg\" data-link=\"https:\/\/www.larsandersjohansson.se\/?attachment_id=6286\" class=\"wp-image-6286\" srcset=\"https:\/\/www.larsandersjohansson.se\/wordpress\/wp-content\/uploads\/2021\/06\/WAH1453-1024x683.jpg 1024w, https:\/\/www.larsandersjohansson.se\/wordpress\/wp-content\/uploads\/2021\/06\/WAH1453-300x200.jpg 300w, https:\/\/www.larsandersjohansson.se\/wordpress\/wp-content\/uploads\/2021\/06\/WAH1453-768x512.jpg 768w, https:\/\/www.larsandersjohansson.se\/wordpress\/wp-content\/uploads\/2021\/06\/WAH1453-1536x1025.jpg 1536w, https:\/\/www.larsandersjohansson.se\/wordpress\/wp-content\/uploads\/2021\/06\/WAH1453-840x560.jpg 840w, https:\/\/www.larsandersjohansson.se\/wordpress\/wp-content\/uploads\/2021\/06\/WAH1453-120x80.jpg 120w, https:\/\/www.larsandersjohansson.se\/wordpress\/wp-content\/uploads\/2021\/06\/WAH1453-360x240.jpg 360w, https:\/\/www.larsandersjohansson.se\/wordpress\/wp-content\/uploads\/2021\/06\/WAH1453-600x400.jpg 600w, https:\/\/www.larsandersjohansson.se\/wordpress\/wp-content\/uploads\/2021\/06\/WAH1453.jpg 1680w\" sizes=\"(max-width: 1024px) 100vw, 1024px\" \/><\/a><figcaption class=\"blocks-gallery-item__caption\">Foto: Helena Wahlman<\/figcaption><\/figure><\/li><li class=\"blocks-gallery-item\"><figure><a href=\"https:\/\/www.larsandersjohansson.se\/wordpress\/wp-content\/uploads\/2021\/06\/WAH1451.jpg\"><img decoding=\"async\" loading=\"lazy\" width=\"1024\" height=\"683\" src=\"https:\/\/www.larsandersjohansson.se\/wordpress\/wp-content\/uploads\/2021\/06\/WAH1451-1024x683.jpg\" alt=\"\" data-id=\"6285\" data-full-url=\"https:\/\/www.larsandersjohansson.se\/wordpress\/wp-content\/uploads\/2021\/06\/WAH1451.jpg\" data-link=\"https:\/\/www.larsandersjohansson.se\/?attachment_id=6285\" class=\"wp-image-6285\" srcset=\"https:\/\/www.larsandersjohansson.se\/wordpress\/wp-content\/uploads\/2021\/06\/WAH1451-1024x683.jpg 1024w, https:\/\/www.larsandersjohansson.se\/wordpress\/wp-content\/uploads\/2021\/06\/WAH1451-300x200.jpg 300w, https:\/\/www.larsandersjohansson.se\/wordpress\/wp-content\/uploads\/2021\/06\/WAH1451-768x512.jpg 768w, https:\/\/www.larsandersjohansson.se\/wordpress\/wp-content\/uploads\/2021\/06\/WAH1451-1536x1025.jpg 1536w, https:\/\/www.larsandersjohansson.se\/wordpress\/wp-content\/uploads\/2021\/06\/WAH1451-840x560.jpg 840w, https:\/\/www.larsandersjohansson.se\/wordpress\/wp-content\/uploads\/2021\/06\/WAH1451-120x80.jpg 120w, https:\/\/www.larsandersjohansson.se\/wordpress\/wp-content\/uploads\/2021\/06\/WAH1451-360x240.jpg 360w, https:\/\/www.larsandersjohansson.se\/wordpress\/wp-content\/uploads\/2021\/06\/WAH1451-600x400.jpg 600w, https:\/\/www.larsandersjohansson.se\/wordpress\/wp-content\/uploads\/2021\/06\/WAH1451.jpg 1680w\" sizes=\"(max-width: 1024px) 100vw, 1024px\" \/><\/a><figcaption class=\"blocks-gallery-item__caption\">Foto: Helena Wahlman<\/figcaption><\/figure><\/li><li class=\"blocks-gallery-item\"><figure><a href=\"https:\/\/www.larsandersjohansson.se\/wordpress\/wp-content\/uploads\/2021\/06\/WAH1691-1.jpg\"><img decoding=\"async\" loading=\"lazy\" width=\"1024\" height=\"683\" src=\"https:\/\/www.larsandersjohansson.se\/wordpress\/wp-content\/uploads\/2021\/06\/WAH1691-1-1024x683.jpg\" alt=\"\" data-id=\"6296\" data-full-url=\"https:\/\/www.larsandersjohansson.se\/wordpress\/wp-content\/uploads\/2021\/06\/WAH1691-1.jpg\" data-link=\"https:\/\/www.larsandersjohansson.se\/?attachment_id=6296\" class=\"wp-image-6296\" srcset=\"https:\/\/www.larsandersjohansson.se\/wordpress\/wp-content\/uploads\/2021\/06\/WAH1691-1-1024x683.jpg 1024w, https:\/\/www.larsandersjohansson.se\/wordpress\/wp-content\/uploads\/2021\/06\/WAH1691-1-300x200.jpg 300w, https:\/\/www.larsandersjohansson.se\/wordpress\/wp-content\/uploads\/2021\/06\/WAH1691-1-768x512.jpg 768w, https:\/\/www.larsandersjohansson.se\/wordpress\/wp-content\/uploads\/2021\/06\/WAH1691-1-1536x1025.jpg 1536w, https:\/\/www.larsandersjohansson.se\/wordpress\/wp-content\/uploads\/2021\/06\/WAH1691-1-840x560.jpg 840w, https:\/\/www.larsandersjohansson.se\/wordpress\/wp-content\/uploads\/2021\/06\/WAH1691-1-120x80.jpg 120w, https:\/\/www.larsandersjohansson.se\/wordpress\/wp-content\/uploads\/2021\/06\/WAH1691-1-360x240.jpg 360w, https:\/\/www.larsandersjohansson.se\/wordpress\/wp-content\/uploads\/2021\/06\/WAH1691-1-600x400.jpg 600w, https:\/\/www.larsandersjohansson.se\/wordpress\/wp-content\/uploads\/2021\/06\/WAH1691-1.jpg 1680w\" sizes=\"(max-width: 1024px) 100vw, 1024px\" \/><\/a><figcaption class=\"blocks-gallery-item__caption\">Foto: Helena Wahlman<\/figcaption><\/figure><\/li><\/ul><\/figure>\n\n\n<h1>Livebilder<\/h1>\n<h2>Lanseringsfest S\u00e5nger Musikvalvet Baggen 2019<\/h2>\nngg_shortcode_0_placeholder\n<p>Konsert och lanseringsfest f\u00f6r S\u00e5nger, Musikvalvet Baggen, Gamla stan, Stockholm, 9\/10 2019. Medverkande: Lars Anders Johansson, Thomas von Wachenfeldt, Fredrik Mattsson, Pelle Westlin och Jacob Tellin.<\/p>\n<p>&nbsp;<\/p>\n<h2>Karlfeldtsg\u00e5rden i Karlbo, Avesta 2018<\/h2>\nngg_shortcode_1_placeholder\n<p>Konsert p\u00e5 Karlfeldtsg\u00e5rden i Karlbo p\u00e5 Karlfeldts f\u00f6delsedag 20 juli 2018. Medverkande Lars Anders Johansson, Thomas von Wachenfeldt, Pelle Westlin och Tomas S\u00f6derlund.<\/p>\n<p>&nbsp;<\/p>\n<h2>Spiksmedjan, Gr\u00e4nsfors bruk&nbsp;2018<\/h2>\n<p>&nbsp;<\/p>\nngg_shortcode_2_placeholder\n<p>Konsert i Spiksmedjan, Gr\u00e4nsfors Bruk, H\u00e4lsingland 2018. Medverkande Lars Anders Johansson, Thomas von Wachenfeldt och Tomas S\u00f6derlund.<\/p>\n<h2>Sonettlansering,&nbsp;Stockholm 2018<\/h2>\nngg_shortcode_3_placeholder\n<p>Lanseringsfest f\u00f6r diktsamlingen Sonetter p\u00e5 Teaterstudio Lederman i Stockholm. Medverkande Lars Anders Johansson, Thomas von Wachenfeldt, Pelle Westlin, Jacob Tellin<\/p>\n<h2>&nbsp;<\/h2>\n<h2>\u00d6vralid, Motala, 2017<\/h2>\nngg_shortcode_4_placeholder\n<p>Konsert p\u00e5 Heidenstamss \u00d6vralid 2017. Medverkande Lars Anders Johansson, Thomas von Wachenfeldt, Fredrik Matsson, Pelle Westlin, Jacob Tellin<\/p>\n<p>&nbsp;<\/p>\n<h2>Releasespelning f\u00f6r Budoarst\u00e4mning, Stampen 2010<\/h2>\nngg_shortcode_5_placeholder\n<div class=\"musik_798px\"><span class=\"litentext\">Fotograf: Tobias Rengman 2010<\/span><\/div>\n<div class=\"musik_798px\">\n<p>&nbsp;<\/p>\n<\/div>\n<h2>Visfestival Holm\u00f6n 2010<\/h2>\nngg_shortcode_6_placeholder\n<div class=\"musik_798px\"><span class=\"litentext\">Fotograf: Lotta Hortell 2010<\/span><\/div>\n<div class=\"musik_798px\">\n<p>&nbsp;<\/p>\n<\/div>\n<h2>Hola folkh\u00f6gskola 2009<\/h2>\nngg_shortcode_7_placeholder\n<div class=\"musik_798px\"><span class=\"litentext\">Fotograf: Iris Piirak<\/span><\/div>\n<div class=\"musik_798px\">\n<p>&nbsp;<\/p>\n<\/div>\n<h2>Kumlinge visfestival 2008<\/h2>\nngg_shortcode_8_placeholder\n<div class=\"musik_798px\">&nbsp;<\/div>\n<div class=\"musik_798px\">\n<h1>Galleri<\/h1>\nngg_shortcode_9_placeholder\n<div class=\"musik_798px\"><span class=\"litentext\">Fotograf: Tobias Rengman 2010<\/span><\/div>\n<div class=\"musik_798px\">\n<p>&nbsp;<\/p>\n<\/div>\nngg_shortcode_10_placeholder\n<div class=\"musik_798px\"><span class=\"litentext\">Fotograf: Rikkard H\u00e4ggbom 2008<\/span><\/div>\n<div class=\"musik_798px\">\n<p>&nbsp;<\/p>\n<\/div>\nngg_shortcode_11_placeholder\n<div class=\"musik_798px\"><span class=\"litentext\">Fotograf: Martim Guerra Silva 2006<\/span><\/div>\n<h1 class=\"musik_798px\">&nbsp; &nbsp;<\/h1>\n<\/div>","protected":false},"excerpt":{"rendered":"<p>Pressbilder Livebilder Lanseringsfest S\u00e5nger Musikvalvet Baggen 2019 Konsert och lanseringsfest f\u00f6r S\u00e5nger, Musikvalvet Baggen, Gamla stan, Stockholm, 9\/10 2019. Medverkande: Lars Anders Johansson, Thomas von Wachenfeldt, Fredrik Mattsson, Pelle Westlin[&#8230;]<\/p>\n","protected":false},"author":1,"featured_media":0,"parent":0,"menu_order":0,"comment_status":"closed","ping_status":"closed","template":"","meta":{"ngg_post_thumbnail":0},"_links":{"self":[{"href":"https:\/\/www.larsandersjohansson.se\/index.php?rest_route=\/wp\/v2\/pages\/10"}],"collection":[{"href":"https:\/\/www.larsandersjohansson.se\/index.php?rest_route=\/wp\/v2\/pages"}],"about":[{"href":"https:\/\/www.larsandersjohansson.se\/index.php?rest_route=\/wp\/v2\/types\/page"}],"author":[{"embeddable":true,"href":"https:\/\/www.larsandersjohansson.se\/index.php?rest_route=\/wp\/v2\/users\/1"}],"replies":[{"embeddable":true,"href":"https:\/\/www.larsandersjohansson.se\/index.php?rest_route=%2Fwp%2Fv2%2Fcomments&post=10"}],"version-history":[{"count":49,"href":"https:\/\/www.larsandersjohansson.se\/index.php?rest_route=\/wp\/v2\/pages\/10\/revisions"}],"predecessor-version":[{"id":6302,"href":"https:\/\/www.larsandersjohansson.se\/index.php?rest_route=\/wp\/v2\/pages\/10\/revisions\/6302"}],"wp:attachment":[{"href":"https:\/\/www.larsandersjohansson.se\/index.php?rest_route=%2Fwp%2Fv2%2Fmedia&parent=10"}],"curies":[{"name":"wp","href":"https:\/\/api.w.org\/{rel}","templated":true}]}}