{"id":129,"date":"2010-09-26T11:01:09","date_gmt":"2010-09-26T11:01:09","guid":{"rendered":"http:\/\/www.larsandersjohansson.se\/wordpress\/?page_id=129"},"modified":"2019-10-04T07:15:05","modified_gmt":"2019-10-04T05:15:05","slug":"roster-om-lars-anders-johansson","status":"publish","type":"page","link":"https:\/\/www.larsandersjohansson.se\/?page_id=129","title":{"rendered":"R\u00f6ster om Lars Anders Johansson"},"content":{"rendered":"\n<h1>R\u00f6ster om Lars Anders Johansson<\/h1>\n\n\n\n<p>Johanssons melodi\u00f6sa egna tons\u00e4ttningar och folkmusikk\u00e4nslan passar  Karlfeldts dikter perfekt. Det \u00e5lderdomliga spr\u00e5ket och bilderna kommer  till liv, kvaliteterna hos EAK g\u00f6rs l\u00e4ttillg\u00e4ngliga f\u00f6r den som \u00e4r van  vid s\u00e5ng, men otr\u00e4nad p\u00e5 poesil\u00e4sning. Hos Karlfeldt g\u00e5r det h\u00f6gst\u00e4mda  och l\u00e4rda arm i arm med det jordn\u00e4ra, och storslaget fantasifulla  ber\u00e4ttelser avl\u00f6ser gamla dr\u00e4ngars livs\u00f6den. Herr nobelpristagaren var  inte heller fr\u00e4mmande f\u00f6r naturlyrik och hans f\u00e4rgstarka spr\u00e5kbehandling  st\u00e5r emot tidens tand.<\/p>\n\n\n\n<p> Lars Anders Johansson s\u00e5ng lever verkligen; ofta vacker, men det \u00e4r  inget sj\u00e4lv\u00e4ndam\u00e5l. Johansson anv\u00e4nder mycket energi och temperament och  kan variera fraseringen inom en och samma textrad. En imponerande  satsning. <\/p>\n\n\n\n<p class=\"bqauthor\">&#8211; Alexander Agrell, Sydsvenska Dagbladet 08-04-23<\/p>\n\n\n\n<p>Att som spr\u00e5k- och visintresserad hitta fram till Erik Axel Karlfeldt  \u00e4r d\u00e4rf\u00f6r ganska logiskt. Och nu har han gett sig p\u00e5 att tons\u00e4tta dikter  av nationalskalden och g\u00f6r det med all heder med ungef\u00e4r samma  musikaliska, folkligt arrade, tonspr\u00e5k som han anv\u00e4nde p\u00e5 solodebuten.  Mestadels lyfter tons\u00e4ttningarna effektivt fram Karlfeldt-texternas ofta  inneboende rytmik och musikalitet.<\/p>\n\n\n\n<p class=\"bqauthor\">&#8211; Sune Liljevall, Arbetarbladet 08-04-17<\/p>\n\n\n\n<p>Vilken fart och fl\u00e4kt det \u00e4r \u00f6ver dessa tolkningar som ges ut av  skivbolaget Hemlandss\u00e5nger med st\u00f6d av Karlfeldtsamfundet (nummer 40 i  samfundets skriftserie). Johansson har sj\u00e4lv tonsatt dikterna och det  melodiska f\u00f6renas med starka rytmer. Kompet \u00e4r p\u00e5tagligt och starkt.  Visan m\u00f6ter popen och Karlfeldt rockar fett! <\/p>\n\n\n\n<p> Johanssons st\u00e4mma \u00e4r synnerligen v\u00e4lartikulerad och g\u00f6r skaldens lyrik  r\u00e4ttvisa. Man h\u00f6r varje stavelse, bara i undantagsfall har s\u00e5ngaren  \u00e4ndrat, och d\u00e5 bara lite i texten. Jag \u00e4r helt begeistrad!<\/p>\n\n\n\n<p class=\"bqauthor\">&#8211; Bj\u00f6rn Widegren, Gefle Dagblad 08-04-23<\/p>\n\n\n\n<p>Det jag gillar allra mest p\u00e5 den h\u00e4r plattan \u00e4r de lysande  arrangemangen som ger hela albumet vitalitet och sp\u00e4nning. Vad bra att  det finns s\u00e5dana som Lars Anders Johansson f\u00f6r d\u00e5 finns det hopp om den  svenska visans fortsatta existens \u00e4ven hos en yngre generation. Emma  H\u00e4rdelin \u00e4r ett perfekt komplement i sina inhopp i duetterna. Hon har  den r\u00e4tta k\u00e4nslan och tonen.<br><br>&#8211; Per-Roger Carlsson, Sundsvalls Tidning 08-04-21<\/p>\n\n\n\n<p>Lars Anders Johansson \u00e4r en ny intressant svensk l\u00e5tskrivare och artist  som nu \u00e4r aktuell med sitt debutalbum. Titeln p\u00e5 detta album \u00e4r  Vingklippt [LAJ\/ISMA] och syftar p\u00e5 den bilolycka han var med om f\u00f6r ett  \u00e5r sedan och gjorde honom f\u00f6rlamad i v\u00e4nster axel. Hans poetiska \u00e5dra  och varierade musikaliska bakgrund visas upp i albumets tretton mycket  varierade sp\u00e5r som r\u00f6r sig mellan folkmusik, visa, pop och mellan humor,  samh\u00e4llskritik, naturlyrik och sensualism.<\/p>\n\n\n\n<p> Den nu 26-\u00e5rige Johansson v\u00e4xte upp i G\u00e4vle men \u00e4r sedan flera \u00e5r  baserad i Uppsala, och han har sysslat med en hel del olika musikaliska  stilar. Fr\u00e5n punkband till tons\u00e4ttningar av Erik Axel Karlfeldt sp\u00e4nner  hans b\u00e5ge, och en hel del d\u00e4remellan. Hans debutalbum Vingklippt \u00e4r allts\u00e5 ett ytterst varierat och intagande  album, b\u00e5de musik- och textm\u00e4ssigt blandar han och ger med stilk\u00e4nsla  och attraktiv charm. H\u00e4r finns vals, visa, latinska rytmer, folkmusik,  pop lite huller om buller med med klar stringens.<\/p>\n\n\n\n<p> Det textm\u00e4ssigt \u00e4r nog Johanssons st\u00f6rsta tillg\u00e5ng, en poet som ocks\u00e5  med ord kastar sig mellan olika \u00e4mnen och uttrycksformer utan besv\u00e4r.  Han skildrar livet runt Stureplan i Sn\u00f6vit, den forne bondens tillvaro  och liv i Bondens \u00e5r, ett romerskt slagf\u00e4lt i Arminius, sex och k\u00e5thet i  Afrodite, sitt liv som punkare i Punkarevalsen och en m\u00e4ngd andra  poetiska utflykter.<\/p>\n\n\n\n<p> Med Vingklippt visar Lars Anders Johansson upp sig som en mycket  intressant artist och l\u00e5tskrivare som l\u00e5nar lite h\u00e4r och d\u00e4r i olika  genrer och \u00e4mnen. Resultatet \u00e4r ett homogent och trots det spretiga  mycket sammanh\u00e5llet album med ett sp\u00e4nnande uttryck.<\/p>\n\n\n\n<p> Instrumenteringen med trummor, bas, gitarr, munspel och nyckelharpa samt  g\u00e4stande musiker p\u00e5 bl\u00e5s, str\u00e5kar och s\u00e5ng ger honom ocks\u00e5 stora  m\u00f6jligheter att skapa olika uttryck f\u00f6r sina i sig uttrycksfulla och  ordrika l\u00e5tar. Lars Anders Johansson \u00e4r en sp\u00e4nnande och innovativ artist med energi  och aktiva antenner som letar uttrycks former och intryck p\u00e5 olika h\u00e5ll.  Vingklippt \u00e4r ett f\u00f6rsta exempel p\u00e5 hans lekfullhet och rika spr\u00e5k.<\/p>\n\n\n\n<p class=\"bqauthor\">&#8211; Tomas Fridholm, <a onclick=\"window.open(this.href);return false\" href=\"http:\/\/www.musikindustrin.nu\/\">Musikindustrin<\/a>, Fokus 07-09-10<\/p>\n\n\n\n<p>Om du inte fick Lars Anders Johanssons sk\u00f6na singel Sv\u00e4rmorsdr\u00f6mmen i  julklapp s\u00e5 rekommenderar jag att du tar saken i egna h\u00e4nder och  best\u00e4ller ett ex.<br> [&#8230;]<br> H\u00e4r hemma har den snurrat i datorns cd-l\u00e4sare dagligen sen vi fick hem  den. Den yngre delen av familjen f\u00f6redrar V\u00e5ldsverkarvalsen, men sj\u00e4lv  har jag f\u00e5tt f\u00f6rsta sp\u00e5ret p\u00e5 hj\u00e4rnan och g\u00e5r runt och ylar  sv\u00e4\u00e4rmorsdr\u00f6\u00f6m i ett. Inte f\u00f6r att jag varit en sj\u00e4lv, n\u00e5gonsin. Men s\u00e5 hade jag inte s\u00e5 d\u00e4r  v\u00e4lv\u00e5rdad frisyr heller.<\/p>\n\n\n\n<p class=\"bqauthor\">&#8211; Anna Toss, f\u00f6rfattare och frilansjournalist 07-01-05<\/p>\n\n\n\n<p>Lars Anders Johansson \u00e4r fr\u00e5n G\u00e4vle men numera bosatt i Uppsala, och  med sitt band har han nu spelat in en singel med titeln Sv\u00e4rmorsdr\u00f6mmen  [LAJ] som bjuder p\u00e5 tv\u00e5 ordrika sp\u00e5r med drag av s\u00e5v\u00e4l pop som visa. En  intressant debut fr\u00e5n ett nytt namn.<\/p>\n\n\n\n<p class=\"bqauthor\">&#8211; Musikindustrin, Aktuella singlar 06-12-15<\/p>\n\n\n\n<p>Lars A Johansson var en ny bekantskap f\u00f6r M\u00e4rstapubliken. En mycket god  s\u00e5dan. Sk\u00f6na visor av en sk\u00f6n snubbe. Med sig hade han en decimerad  Helvetesmaskin.<\/p>\n\n\n\n<p class=\"bqauthor\">&#8211; Anders Wallentin, M\u00e4rsta Visfestival<\/p>\n\n\n\n<p>Kv\u00e4llens f\u00f6rsta s\u00e5ngare \u00e4r ocks\u00e5 den i traditionell bem\u00e4rkelse b\u00e4ste.  Lars A Johansson har l\u00e4mnat punken f\u00f6r folkromantiska visor och Fred  Perry-emblem p\u00e5 pikettr\u00f6jan.Johansson har en s\u00e4llsam, ljus st\u00e4mma och  sjunger v\u00e4lartikulerat med rullande r. Han backas upp av  Helvetesmaskinen, en avskalad trio p\u00e5 fiol, piano och djembe. I ena  l\u00e5ten sjungar han om Ceasars legioner i den andra &#8221;Jag vill st\u00e4lla dig  p\u00e5 alla fyra\/Och tr\u00e4nga in i dig s\u00e5 djupt som det g\u00e5r&#8221;. Det p\u00e5minner en  hel del om Stefan Sundstr\u00f6m.<\/p>\n\n\n\n<p class=\"bqauthor\">&#8211; Joakim Forsgren, Gefle Dagblad, 05-03-19<\/p>\n\n\n\n<p>Lars A Johansson med band &#8211; piano, slagverk, fiol (urs\u00e4kta att jag inte  minns artisternas namn) nuddade i vissa fall Dan Berglund i sin texter &#8211;  och det fanns rutin och erfarenhet i texterna. Lyssna mer p\u00e5 <a href=\"http:\/\/www.larsa.info.se\/\">www.larsa.info.se<\/a> &#8211; rekomenderas. Bandet och Larsa kom v\u00e4l fram i den akustiska milj\u00f6n vi har i k\u00e4llaren. Helt enkelt topp.<\/p>\n\n\n\n<p class=\"bqauthor\">&#8211; Peter Frisk, Teater gamla stan<\/p>\n","protected":false},"excerpt":{"rendered":"<p>R\u00f6ster om Lars Anders Johansson Johanssons melodi\u00f6sa egna tons\u00e4ttningar och folkmusikk\u00e4nslan passar Karlfeldts dikter perfekt. Det \u00e5lderdomliga spr\u00e5ket och bilderna kommer till liv, kvaliteterna hos EAK g\u00f6rs l\u00e4ttillg\u00e4ngliga f\u00f6r den[&#8230;]<\/p>\n","protected":false},"author":1,"featured_media":0,"parent":0,"menu_order":0,"comment_status":"closed","ping_status":"closed","template":"onecolumn-page.php","meta":{"ngg_post_thumbnail":0},"_links":{"self":[{"href":"https:\/\/www.larsandersjohansson.se\/index.php?rest_route=\/wp\/v2\/pages\/129"}],"collection":[{"href":"https:\/\/www.larsandersjohansson.se\/index.php?rest_route=\/wp\/v2\/pages"}],"about":[{"href":"https:\/\/www.larsandersjohansson.se\/index.php?rest_route=\/wp\/v2\/types\/page"}],"author":[{"embeddable":true,"href":"https:\/\/www.larsandersjohansson.se\/index.php?rest_route=\/wp\/v2\/users\/1"}],"replies":[{"embeddable":true,"href":"https:\/\/www.larsandersjohansson.se\/index.php?rest_route=%2Fwp%2Fv2%2Fcomments&post=129"}],"version-history":[{"count":60,"href":"https:\/\/www.larsandersjohansson.se\/index.php?rest_route=\/wp\/v2\/pages\/129\/revisions"}],"predecessor-version":[{"id":5766,"href":"https:\/\/www.larsandersjohansson.se\/index.php?rest_route=\/wp\/v2\/pages\/129\/revisions\/5766"}],"wp:attachment":[{"href":"https:\/\/www.larsandersjohansson.se\/index.php?rest_route=%2Fwp%2Fv2%2Fmedia&parent=129"}],"curies":[{"name":"wp","href":"https:\/\/api.w.org\/{rel}","templated":true}]}}