{"id":29,"date":"2010-09-17T19:30:49","date_gmt":"2010-09-17T19:30:49","guid":{"rendered":"http:\/\/www.larsandersjohansson.se\/wordpress\/?page_id=29"},"modified":"2010-10-13T14:00:18","modified_gmt":"2010-10-13T12:00:18","slug":"sangtexter","status":"publish","type":"page","link":"https:\/\/www.larsandersjohansson.se\/?page_id=29","title":{"rendered":"S\u00e5ngtexter"},"content":{"rendered":"<h1>S\u00e5ngtexter<\/h1>\n<p>Alla texter &copy; Lars Anders Johansson<\/p>\n<p><\/p>\n<h2>BUDOARST\u00c4MNING<\/h2>\n<p><img decoding=\"async\" src=\"https:\/\/www.larsandersjohansson.se\/wordpress\/wp-content\/uploads\/bilder\/mom-t.png\" alt=\"mom\" class=\"alignright\" \/><\/p>\n<p><a class=\"thickbox\" title=\"Stora Fiskar\" href=\"https:\/\/www.larsandersjohansson.se\/texter\/sangtext_stora_fiskar.htm?keepThis=true&amp;TB_iframe=true&amp;height=450&amp;width=450\">Stora Fiskar<\/a><\/p>\n<p><a class=\"thickbox\" title=\"Budoarst\u00e4mning\" href=\"https:\/\/www.larsandersjohansson.se\/texter\/sangtext_budoarstamning.htm?keepThis=true&amp;TB_iframe=true&amp;height=450&amp;width=450\">Budoarst\u00e4mning<\/a><\/p>\n<p><a class=\"thickbox\" title=\"Rent mj\u00f6l i p\u00e5sen\" href=\"https:\/\/www.larsandersjohansson.se\/texter\/sangtext_rent_mjol_i_pasen.htm?keepThis=true&amp;TB_iframe=true&amp;height=450&amp;width=450\">Rent mj\u00f6l i p\u00e5sen<\/a><\/p>\n<p><a class=\"thickbox\" title=\"Karavan\" href=\"https:\/\/www.larsandersjohansson.se\/texter\/sangtext_karavan.htm?keepThis=true&amp;TB_iframe=true&amp;height=450&amp;width=450\">Karavan<\/a><\/p>\n<p><a class=\"thickbox\" title=\"Lysander och k\u00e4rlekskvalen\" href=\"https:\/\/www.larsandersjohansson.se\/texter\/sangtext_lysander_och_karlekskvalen.htm?keepThis=true&amp;TB_iframe=true&amp;height=450&amp;width=450\">Lysander och k\u00e4rlekskvalen<\/a><\/p>\n<p><a class=\"thickbox\" title=\"Solen st\u00e5r i \u00f6ster\" href=\"https:\/\/www.larsandersjohansson.se\/texter\/sangtext_solen_star_i_oster.htm?keepThis=true&amp;TB_iframe=true&amp;height=450&amp;width=450\">Solen st\u00e5r i \u00f6ster<\/a><\/p>\n<p><a class=\"thickbox\" title=\"Ballad\" href=\"https:\/\/www.larsandersjohansson.se\/texter\/sangtext_ballad.htm?keepThis=true&amp;TB_iframe=true&amp;height=450&amp;width=450\">Ballad<\/a><\/p>\n<p><a class=\"thickbox\" title=\"Fj\u00e4rran h\u00f6jder\" href=\"https:\/\/www.larsandersjohansson.se\/texter\/sangtext_fjarran_hojder.htm?keepThis=true&amp;TB_iframe=true&amp;height=450&amp;width=450\">Fj\u00e4rran h\u00f6jder<\/a><\/p>\n<p><a class=\"thickbox\" title=\"I Gr\u00e4nby centrum utan dig\" href=\"https:\/\/www.larsandersjohansson.se\/texter\/sangtext_i_granby_centrum_utan_dig.htm?keepThis=true&amp;TB_iframe=true&amp;height=450&amp;width=450\">I Gr\u00e4nby centrum utan dig<\/a><\/p>\n<p><a class=\"thickbox\" title=\"M\u00e9nage \u00e0 trois (Trekant)\" href=\"https:\/\/www.larsandersjohansson.se\/texter\/sangtext_menage_a_trois.htm?keepThis=true&amp;TB_iframe=true&amp;height=450&amp;width=450\">M\u00e9nage \u00e0 trois (Trekant)<\/a><\/p>\n<p><a class=\"thickbox\" title=\"H\u00f6st\" href=\"https:\/\/www.larsandersjohansson.se\/texter\/sangtext_host.htm?keepThis=true&amp;TB_iframe=true&amp;height=450&amp;width=450\">H\u00f6st<\/a><\/p>\n<p><a class=\"thickbox\" title=\"F\u00f6r lite tid\" href=\"https:\/\/www.larsandersjohansson.se\/texter\/sangtext_for_lite_tid.htm?keepThis=true&amp;TB_iframe=true&amp;height=450&amp;width=450\">F\u00f6r lite tid<\/a><\/p>\n<p><a class=\"thickbox\" title=\"Jungfrufj\u00e4rden\" href=\"https:\/\/www.larsandersjohansson.se\/texter\/sangtext_jungfrufjarden.htm?keepThis=true&amp;TB_iframe=true&amp;height=450&amp;width=450\">Jungfrufj\u00e4rden<\/a><\/p>\n<p><\/p>\n<h2>VINGKLIPPT<\/h2>\n<p><img decoding=\"async\" src=\"https:\/\/www.larsandersjohansson.se\/wordpress\/wp-content\/uploads\/bilder\/love-t.png\" alt=\"love\" class=\"alignright\" \/><\/p>\n<p><a class=\"thickbox\" title=\"Rosor och t\u00f6rnen\" href=\"https:\/\/www.larsandersjohansson.se\/texter\/sangtext_.htm?keepThis=true&amp;TB_iframe=true&amp;height=450&amp;width=450\">Rosor och t\u00f6rnen<\/a><\/p>\n<p><a class=\"thickbox\" title=\"Livet \u00e4r f\u00f6r kort att sl\u00f6sa\" href=\"https:\/\/www.larsandersjohansson.se\/texter\/sangtext_livet_ar_for_kort_att_slosa.htm?keepThis=true&amp;TB_iframe=true&amp;height=450&amp;width=450\">Livet \u00e4r f\u00f6r kort att sl\u00f6sa<\/a><\/p>\n<p><a class=\"thickbox\" title=\"Pretenti\u00f6s\" href=\"https:\/\/www.larsandersjohansson.se\/texter\/sangtext_pretentios.htm?keepThis=true&amp;TB_iframe=true&amp;height=450&amp;width=450\">Pretenti\u00f6s<\/a><\/p>\n<p><a class=\"thickbox\" title=\"Punkarevalsen\" href=\"https:\/\/www.larsandersjohansson.se\/texter\/sangtext_punkarevalsen.htm?keepThis=true&amp;TB_iframe=true&amp;height=450&amp;width=450\">Punkarevalsen<\/a><\/p>\n<p><a class=\"thickbox\" title=\"Trollet och \u00e4lvan\" href=\"https:\/\/www.larsandersjohansson.se\/texter\/sangtext_trollet_och_alvan.htm?keepThis=true&amp;TB_iframe=true&amp;height=450&amp;width=450\">Trollet och \u00e4lvan<\/a><\/p>\n<p><a class=\"thickbox\" title=\"Arminius\" href=\"https:\/\/www.larsandersjohansson.se\/texter\/sangtext_arminius.htm?keepThis=true&amp;TB_iframe=true&amp;height=450&amp;width=450\">Arminius<\/a><\/p>\n<p><a class=\"thickbox\" title=\"Bondens \u00e5r\" href=\"https:\/\/www.larsandersjohansson.se\/texter\/sangtext_bondens_ar.htm?keepThis=true&amp;TB_iframe=true&amp;height=450&amp;width=450\">Bondens \u00e5r<\/a><\/p>\n<p><a class=\"thickbox\" title=\"Afrodite\" href=\"https:\/\/www.larsandersjohansson.se\/texter\/sangtext_afrodite.htm?keepThis=true&amp;TB_iframe=true&amp;height=450&amp;width=450\">Afrodite<\/a><\/p>\n<p><a class=\"thickbox\" title=\"B\u00f6rjan till slutet\" href=\"https:\/\/www.larsandersjohansson.se\/texter\/sangtext_borjan_till_slutet.htm?keepThis=true&amp;TB_iframe=true&amp;height=450&amp;width=450\">B\u00f6rjan till slutet<\/a><\/p>\n<p><a class=\"thickbox\" title=\"Kvinnans natur\" href=\"https:\/\/www.larsandersjohansson.se\/texter\/sangtext_kvinnans_natur.htm?keepThis=true&amp;TB_iframe=true&amp;height=450&amp;width=450\">Kvinnans natur<\/a><\/p>\n<p><a class=\"thickbox\" title=\"Tankar vid s\u00e4ngkanten\" href=\"https:\/\/www.larsandersjohansson.se\/texter\/sangtext_tankar_vid_sangkanten.htm?keepThis=true&amp;TB_iframe=true&amp;height=450&amp;width=450\">Tankar vid s\u00e4ngkanten<\/a><\/p>\n<p><a class=\"thickbox\" title=\"Sn\u00f6vit\" href=\"https:\/\/www.larsandersjohansson.se\/texter\/sangtext_snovit.htm?keepThis=true&amp;TB_iframe=true&amp;height=450&amp;width=450\">Sn\u00f6vit<\/a><\/p>\n<p><a class=\"thickbox\" title=\"Sv\u00e4rmorsdr\u00f6mmen\" href=\"https:\/\/www.larsandersjohansson.se\/texter\/sangtext_svarmorsdrommen.htm?keepThis=true&amp;TB_iframe=true&amp;height=450&amp;width=450\">Sv\u00e4rmorsdr\u00f6mmen<\/a><\/p>\n<p><\/p>\n","protected":false},"excerpt":{"rendered":"<p>S\u00e5ngtexter Alla texter &copy; Lars Anders Johansson BUDOARST\u00c4MNING Stora Fiskar Budoarst\u00e4mning Rent mj\u00f6l i p\u00e5sen Karavan Lysander och k\u00e4rlekskvalen Solen st\u00e5r i \u00f6ster Ballad Fj\u00e4rran h\u00f6jder I Gr\u00e4nby centrum utan[&#8230;]<\/p>\n","protected":false},"author":1,"featured_media":0,"parent":0,"menu_order":0,"comment_status":"closed","ping_status":"closed","template":"onecolumn-page.php","meta":{"ngg_post_thumbnail":0},"_links":{"self":[{"href":"https:\/\/www.larsandersjohansson.se\/index.php?rest_route=\/wp\/v2\/pages\/29"}],"collection":[{"href":"https:\/\/www.larsandersjohansson.se\/index.php?rest_route=\/wp\/v2\/pages"}],"about":[{"href":"https:\/\/www.larsandersjohansson.se\/index.php?rest_route=\/wp\/v2\/types\/page"}],"author":[{"embeddable":true,"href":"https:\/\/www.larsandersjohansson.se\/index.php?rest_route=\/wp\/v2\/users\/1"}],"replies":[{"embeddable":true,"href":"https:\/\/www.larsandersjohansson.se\/index.php?rest_route=%2Fwp%2Fv2%2Fcomments&post=29"}],"version-history":[{"count":19,"href":"https:\/\/www.larsandersjohansson.se\/index.php?rest_route=\/wp\/v2\/pages\/29\/revisions"}],"predecessor-version":[{"id":474,"href":"https:\/\/www.larsandersjohansson.se\/index.php?rest_route=\/wp\/v2\/pages\/29\/revisions\/474"}],"wp:attachment":[{"href":"https:\/\/www.larsandersjohansson.se\/index.php?rest_route=%2Fwp%2Fv2%2Fmedia&parent=29"}],"curies":[{"name":"wp","href":"https:\/\/api.w.org\/{rel}","templated":true}]}}