{"id":4220,"date":"2014-06-08T11:19:35","date_gmt":"2014-06-08T09:19:35","guid":{"rendered":"http:\/\/www.larsandersjohansson.se\/?page_id=4220"},"modified":"2019-12-02T22:32:10","modified_gmt":"2019-12-02T21:32:10","slug":"bokning","status":"publish","type":"page","link":"https:\/\/www.larsandersjohansson.se\/?page_id=4220","title":{"rendered":"Bokning"},"content":{"rendered":"<p>Lars Anders Johansson \u00e4r en uppskattad estrad\u00f6r, musiker, f\u00f6redragsh\u00e5llare, konferencier och moderator. Vill du boka honom f\u00f6r en konsert, diktuppl\u00e4sning, ett f\u00f6redrag eller en paneldiskussion &#8211; skicka en f\u00f6rfr\u00e5gan till <a href=\"mailto:lars@larsandersjohansson.se\">lars@larsandersjohansson.se<\/a>\u00a0.<\/p>\n<p><a href=\"https:\/\/www.larsandersjohansson.se\/wordpress\/wp-content\/uploads\/2014\/06\/talare.jpg\"><img decoding=\"async\" loading=\"lazy\" class=\"alignleft size-medium wp-image-4221\" src=\"https:\/\/www.larsandersjohansson.se\/wordpress\/wp-content\/uploads\/2014\/06\/talare-200x300.jpg\" alt=\"Lars Anders Johansson\" width=\"200\" height=\"300\" srcset=\"https:\/\/www.larsandersjohansson.se\/wordpress\/wp-content\/uploads\/2014\/06\/talare-200x300.jpg 200w, https:\/\/www.larsandersjohansson.se\/wordpress\/wp-content\/uploads\/2014\/06\/talare-333x500.jpg 333w, https:\/\/www.larsandersjohansson.se\/wordpress\/wp-content\/uploads\/2014\/06\/talare.jpg 640w\" sizes=\"(max-width: 200px) 100vw, 200px\" \/><\/a><\/p>\n","protected":false},"excerpt":{"rendered":"<p>Lars Anders Johansson \u00e4r en uppskattad estrad\u00f6r, musiker, f\u00f6redragsh\u00e5llare, konferencier och moderator. Vill du boka honom f\u00f6r en konsert, diktuppl\u00e4sning, ett f\u00f6redrag eller en paneldiskussion &#8211; skicka en f\u00f6rfr\u00e5gan till[&#8230;]<\/p>\n","protected":false},"author":1,"featured_media":0,"parent":0,"menu_order":0,"comment_status":"closed","ping_status":"closed","template":"","meta":{"ngg_post_thumbnail":0},"_links":{"self":[{"href":"https:\/\/www.larsandersjohansson.se\/index.php?rest_route=\/wp\/v2\/pages\/4220"}],"collection":[{"href":"https:\/\/www.larsandersjohansson.se\/index.php?rest_route=\/wp\/v2\/pages"}],"about":[{"href":"https:\/\/www.larsandersjohansson.se\/index.php?rest_route=\/wp\/v2\/types\/page"}],"author":[{"embeddable":true,"href":"https:\/\/www.larsandersjohansson.se\/index.php?rest_route=\/wp\/v2\/users\/1"}],"replies":[{"embeddable":true,"href":"https:\/\/www.larsandersjohansson.se\/index.php?rest_route=%2Fwp%2Fv2%2Fcomments&post=4220"}],"version-history":[{"count":2,"href":"https:\/\/www.larsandersjohansson.se\/index.php?rest_route=\/wp\/v2\/pages\/4220\/revisions"}],"predecessor-version":[{"id":4223,"href":"https:\/\/www.larsandersjohansson.se\/index.php?rest_route=\/wp\/v2\/pages\/4220\/revisions\/4223"}],"wp:attachment":[{"href":"https:\/\/www.larsandersjohansson.se\/index.php?rest_route=%2Fwp%2Fv2%2Fmedia&parent=4220"}],"curies":[{"name":"wp","href":"https:\/\/api.w.org\/{rel}","templated":true}]}}