{"id":46,"date":"2010-09-17T19:35:39","date_gmt":"2010-09-17T19:35:39","guid":{"rendered":"http:\/\/www.larsandersjohansson.se\/wordpress\/?page_id=46"},"modified":"2021-06-16T21:40:32","modified_gmt":"2021-06-16T19:40:32","slug":"biografi","status":"publish","type":"page","link":"https:\/\/www.larsandersjohansson.se\/?page_id=46","title":{"rendered":"Biografi"},"content":{"rendered":"<h1>Lars Anders Johansson<\/h1>\n<figure id=\"attachment_6288\" aria-describedby=\"caption-attachment-6288\" style=\"width: 1680px\" class=\"wp-caption aligncenter\"><a href=\"https:\/\/www.larsandersjohansson.se\/wordpress\/wp-content\/uploads\/2021\/06\/WAH1605.jpg\"><img decoding=\"async\" loading=\"lazy\" class=\"wp-image-6288 size-full\" src=\"https:\/\/www.larsandersjohansson.se\/wordpress\/wp-content\/uploads\/2021\/06\/WAH1605.jpg\" alt=\"\" width=\"1680\" height=\"1121\" srcset=\"https:\/\/www.larsandersjohansson.se\/wordpress\/wp-content\/uploads\/2021\/06\/WAH1605.jpg 1680w, https:\/\/www.larsandersjohansson.se\/wordpress\/wp-content\/uploads\/2021\/06\/WAH1605-300x200.jpg 300w, https:\/\/www.larsandersjohansson.se\/wordpress\/wp-content\/uploads\/2021\/06\/WAH1605-1024x683.jpg 1024w, https:\/\/www.larsandersjohansson.se\/wordpress\/wp-content\/uploads\/2021\/06\/WAH1605-768x512.jpg 768w, https:\/\/www.larsandersjohansson.se\/wordpress\/wp-content\/uploads\/2021\/06\/WAH1605-1536x1025.jpg 1536w, https:\/\/www.larsandersjohansson.se\/wordpress\/wp-content\/uploads\/2021\/06\/WAH1605-840x560.jpg 840w, https:\/\/www.larsandersjohansson.se\/wordpress\/wp-content\/uploads\/2021\/06\/WAH1605-120x80.jpg 120w, https:\/\/www.larsandersjohansson.se\/wordpress\/wp-content\/uploads\/2021\/06\/WAH1605-360x240.jpg 360w, https:\/\/www.larsandersjohansson.se\/wordpress\/wp-content\/uploads\/2021\/06\/WAH1605-600x400.jpg 600w\" sizes=\"(max-width: 1680px) 100vw, 1680px\" \/><\/a><figcaption id=\"caption-attachment-6288\" class=\"wp-caption-text\"><\/em> <em>Foto: Helena Wahlman<\/em><\/figcaption><\/figure>\n<p>Lars Anders Johansson f\u00f6ddes 1981 i G\u00e4vle. Under ton\u00e5ren drogs han till punkmusiken och spelade f\u00f6rst elbas och sedan gitarr och sj\u00f6ng i ett antal olika punkband. Det mest namnkunniga hette Bovver Brigade, d\u00e4r Lars Anders var s\u00e5ngare och gitarrist och skrev merparten av s\u00e5ngerna.<\/p>\n<p>Parallellt med punkkarri\u00e4ren v\u00e4xte ett intresse f\u00f6r akustisk, textbaserad musik, b\u00e5de p\u00e5 svenska och engelska, fram. Lars Anders spelade bland annat irl\u00e4ndsk folkmusik i olika konstellationer och intresserade sig \u00e4ven f\u00f6r brittisk och amerikansk folkmusik, och b\u00f6rjade skriva egna s\u00e5nger p\u00e5 engelska i samma anda.<\/p>\n<p>Efter hand skulle dock intresset f\u00f6r den svenska litter\u00e4ra vistraditionen ta \u00f6verhanden, med s\u00e4rskilt fokus p\u00e5 skalder som Bellman, Taube och Vreeswijk. Under ett studieuppeh\u00e5ll vid universitetet studerade Lars Anders ett \u00e5r vid Visskolan i V\u00e4stervik, en musikutbildning vid Gamleby Folkh\u00f6gskola i Tjust Sk\u00e4rg\u00e5rd i Sm\u00e5land.<\/p>\n<p>Under \u00e5ret vid visskolan bildade Lars Anders trion Tv\u00e5 Taube och en Bellman tillsammans med Christoffer Lindahl och Johnny Gladh. Som namnet antyder fokuserade trion p\u00e5 Bellmans och Taubes visor, och turnerade land och rike kring under n\u00e5gra \u00e5r. Gruppen fick mycket uppskattning och f\u00f6r\u00e4rades flera stipendier. Gruppen sl\u00e4ppte sedermera skivan <em>Varken byxor, rock eller<\/em> skor, med egna tolkningar av Bellmans och Taubes visskatt.<\/p>\n<p>Turnerandet fick dock ett abrupt slut sommaren 2006 d\u00e5 Lars Anders skadades allvarligt i en trafikolycka som ledde till l\u00e5ng sjukskrivning och omfattande rehabilitering. L\u00e4nge s\u00e5g det ut som att han skulle f\u00e5 l\u00e4gga gitarrspelet p\u00e5 hyllan f\u00f6r gott, d\u00e5 v\u00e4nsterarmen s\u00e5g ut att ha blivit totalf\u00f6rlamad. Efter hand \u00e5terv\u00e4nde dock viss funktion till armen och Lars Anders kunde b\u00f6rja spela gitarr igen, om \u00e4n inte som innan skadan.<\/p>\n<p><strong>Skivdebuten<\/strong><\/p>\n<p>Parallellt med turnerandet med Tv\u00e5 Taube och en Bellman hade Lars Anders fortsatt att skriva egna visor och framf\u00f6rde dessa tillsammans med ett antal Uppsalabaserade musiker. Under sjukskrivningen d\u00e5 turnerandet var om\u00f6jligt blev det naturligt att fokusera p\u00e5 verksamheten p\u00e5 hemmaplan. Resultatet blev debutskivan <em>Vingklippt<\/em>, vars titel syftar p\u00e5 den sv\u00e5ra axelskada som Lars Anders \u00e5drog sig i samband med trafikolyckan.<\/p>\n<p>2006 sl\u00e4pptes singeln <em>Sv\u00e4rmorsdr\u00f6mmen<\/em> som fick positiv uppm\u00e4rksamhet och spelades i b\u00e5de radio och tv. B-sidan, V\u00e5ldsverkarvalsen, om fotbollshuliganism, fick ocks\u00e5 spridning, framf\u00f6rallt i supporterkretsar.<\/p>\n<p>2007 kom debutskivan <em>Vingklippt<\/em>, med 13 egenkomponerade visor. Skivan spelades in i Bromma med musiker fr\u00e5n Uppsala och Stockholm. Vingklippt fick fina omd\u00f6men och n\u00e4r sjukskrivningen var \u00f6ver kunde Lars Anders med band \u00e5ter ge sig ut och turnera, den h\u00e4r g\u00e5ngen med hans egna visor.<\/p>\n<p><strong>Erik Axel Karlfeldt<\/strong><\/p>\n<p>Lars Anders Johansson har l\u00e4nge intresserat sig f\u00f6r det svenska kulturlivet runt sekelskiftet 1900 och framf\u00f6rallt den litter\u00e4ra str\u00f6mning som brukar ben\u00e4mnas nittiotalismen. Genom sitt intresse f\u00f6r Bellman och Taube kom Lars Anders i ber\u00f6ring med det sena 1800-talets stora skalder, framf\u00f6rallt Heidenstam, Karlfeldt och Fr\u00f6ding, som b\u00e5de blev f\u00f6rem\u00e5l f\u00f6r akademiska studier och egna tons\u00e4ttningar.<\/p>\n<p>Det var s\u00e4rskilt Erik Axel Karlfeldts diktning som inspirerade Lars Anders till egna tons\u00e4ttningar. 2008 samlades en del av dessa p\u00e5 albumet <em>I Fridolins sp\u00e5r<\/em>, som gavs ut p\u00e5 det Uppsalabaserade skivbolaget Hemlandss\u00e5nger, i samarbete med Karlfeldtsamfundet. Skivan utgavs som nr 40 i samfundets skriftserie.<\/p>\n<p>Albumet fick ett mycket varmt mottagande i pressen och ledde till ett flitigt turnerande de kommande \u00e5ren. F\u00f6r Lars Anders egen del kom emellertid den viktigaste kritiken fr\u00e5n Karlfeldts d\u00f6ttrar, Anna och Ulla, som bevistade en konsert p\u00e5 Kungliga Musikaliska Akademien 2008 och efter\u00e5t kom fram och gav omd\u00f6met \u201ddet h\u00e4r hade pappa gillat\u201d.<\/p>\n<p><strong>Fler egna visor och fotboll<\/strong><\/p>\n<p>2010 var det dags f\u00f6r \u00e4nnu ett album med helt egna visor. Titeln, <em>Budoarst\u00e4mning<\/em>, kommer sig av ett ord som Lars Anders till sin fasa l\u00e4st tillsammans med en massa andra \u00e5lderdomliga ord skulle strykas ur Svenska Akademiens ordlista. Eftersom frekvens i media \u00e4r ett av kriterierna som anv\u00e4nds f\u00f6r att bed\u00f6ma ords relevans f\u00f6r ordlistan best\u00e4mde sig Lars Anders f\u00f6r att dra sitt str\u00e5 till stacken och se till att ordet \u00e5ter kom i bruk.<\/p>\n<p>Genom att d\u00f6pa en s\u00e5ng och \u00e4ven ett helt album till Budoarst\u00e4mning hoppades Lars Anders att ordet skulle anv\u00e4ndas tillr\u00e4ckligt ofta i media f\u00f6r att \u00e5ter bli aktuellt f\u00f6r ordlistan. I en intervju i Sveriges Radio anv\u00e4nde Lars Anders ordet hela tretton g\u00e5nger!<\/p>\n<p>Eftersom Lars Anders Johansson \u00e4r engagerad AIK-supporter har supporterkulturen varit ett naturligt inslag i hans visdiktning. 2013 gav han ut EP:n <em>S\u00e5nger mot den moderna fotbollen<\/em>, med s\u00e5nger om svensk supporterkultur. Skivan blev varmt mottagen bland AIK:are, men ocks\u00e5 bland andra lags supportrar.<\/p>\n<p>2014 kom ytterligare en full\u00e4ngdsskiva med egna l\u00e5tar, <em>Ligistliv<\/em>. Precis som de tidigare skivorna med eget material kretsar texterna kring skilda teman: olycklig k\u00e4rlek, gatornas subkulturer och tillvaron till sj\u00f6ss. S\u00e4rskilt det nautiska temat fick i och med denna skiva m\u00f6jlighet att blomma ut, med den dr\u00e5pliga seglingshistorien i Ligga i Loftahammar och den tragiskt \u00f6desm\u00e4ttade visan om Titanic-katastrofen, Wallace Henry Hartley!<\/p>\n<p><strong>Diktsamlingar<\/strong><\/p>\n<p>Vid sidan av visdiktandet har Lars Anders Johansson \u00e4ven skrivit andra former av poesi. Framf\u00f6rallt \u00e4r det olika bundna versformer som intresserar honom. 2013 sl\u00e4pptes debutdiktsamlingen <em>Segelmakaren<\/em> p\u00e5 Hydra f\u00f6rlag. Samlingen inneh\u00e5ller ett antal dikter p\u00e5 skilda teman och versm\u00e5tt. N\u00e5gra av dikterna i den f\u00f6rsta diktsamlingen \u00e4r i sonettform, och intresset f\u00f6r sonetter skulle komma att pr\u00e4gla Lars Anders fortsatta diktande.<\/p>\n<p>2018 bar detta konkret frukt i diktsamlingen <em>Sonetter<\/em>, som gavs ut p\u00e5 Bokf\u00f6rlaget Augusti. Sonetter \u00e4r Lars Anders Johanssons mest ambiti\u00f6sa skrivprojekt hittills och utg\u00f6rs av 154 dikter i sonettform, varav ett stort antal ing\u00e5r i \u00e5tta stycken sonettkransar, det vill s\u00e4ga sammanh\u00e4ngande diktsviter best\u00e5ende av femton ihopfl\u00e4tade sonetter.<\/p>\n<p><strong>\u00c5ter till nittiotalisterna<\/strong><\/p>\n<p>\u00c5tta \u00e5r efter <em>I Fridolins sp\u00e5r<\/em> var det dags att \u00e5terv\u00e4nda till nittiotalisterna med skivan <em>Ren\u00e4ssans<\/em>. Den h\u00e4r g\u00e5ngen fick Karlfeldt s\u00e4llskap av diktarkollegorna Verner von Heidenstam och Gustaf Fr\u00f6ding. Skivan inneh\u00e5ller 15 egna tons\u00e4ttningar av de stora skaldernas diktning och ledde bland annat till turn\u00e9n I stora skalders sp\u00e5r 2017.<\/p>\n<p><strong>\u00d6vriga verksamheter och b\u00f6cker<\/strong><\/p>\n<p>Vid sidan om sitt diktande och tons\u00e4ttande har Lars Anders Johansson hela tiden varit verksam som journalist och debatt\u00f6r. Han har arbetat som nyhetsreporter p\u00e5 Sveriges Television, TV4 och Arbetarbladet, som ledarskribent vid Barometern och \u00d6stg\u00f6ta Correspondenten. Som kulturskribent och kolumnist har man kunnat l\u00e4sa honom i en l\u00e5ng rad tidningar och magasin.<\/p>\n<p>Som debatt\u00f6r har han s\u00e4rskilt intresserat sig f\u00f6r kulturpolitiska fr\u00e5gor och gav 2017 ut boken <em>Att dansa efter maktens pipa. Kultur i politikens tj\u00e4nst<\/em> p\u00e5 Timbro f\u00f6rlag. P\u00e5 samma f\u00f6rlag har han tidigare givit ut <em>Hatets och illviljans kolport\u00f6rer. Om mediebilden av n\u00e4ringslivets opinionsbildning<\/em>, samt <em>Varken bildning eller piano. Vantrivs borgerligheten i kulturen?<\/em><\/p>\n\n\n<figure class=\"wp-block-image size-large\"><img decoding=\"async\" loading=\"lazy\" width=\"1024\" height=\"683\" src=\"https:\/\/www.larsandersjohansson.se\/wordpress\/wp-content\/uploads\/2021\/06\/WAH1451-1024x683.jpg\" alt=\"\" class=\"wp-image-6285\" srcset=\"https:\/\/www.larsandersjohansson.se\/wordpress\/wp-content\/uploads\/2021\/06\/WAH1451-1024x683.jpg 1024w, https:\/\/www.larsandersjohansson.se\/wordpress\/wp-content\/uploads\/2021\/06\/WAH1451-300x200.jpg 300w, https:\/\/www.larsandersjohansson.se\/wordpress\/wp-content\/uploads\/2021\/06\/WAH1451-768x512.jpg 768w, https:\/\/www.larsandersjohansson.se\/wordpress\/wp-content\/uploads\/2021\/06\/WAH1451-1536x1025.jpg 1536w, https:\/\/www.larsandersjohansson.se\/wordpress\/wp-content\/uploads\/2021\/06\/WAH1451-840x560.jpg 840w, https:\/\/www.larsandersjohansson.se\/wordpress\/wp-content\/uploads\/2021\/06\/WAH1451-120x80.jpg 120w, https:\/\/www.larsandersjohansson.se\/wordpress\/wp-content\/uploads\/2021\/06\/WAH1451-360x240.jpg 360w, https:\/\/www.larsandersjohansson.se\/wordpress\/wp-content\/uploads\/2021\/06\/WAH1451-600x400.jpg 600w, https:\/\/www.larsandersjohansson.se\/wordpress\/wp-content\/uploads\/2021\/06\/WAH1451.jpg 1680w\" sizes=\"(max-width: 1024px) 100vw, 1024px\" \/><figcaption>Foto: Helena Wahlman<\/figcaption><\/figure>\n","protected":false},"excerpt":{"rendered":"<p>Lars Anders Johansson Lars Anders Johansson f\u00f6ddes 1981 i G\u00e4vle. Under ton\u00e5ren drogs han till punkmusiken och spelade f\u00f6rst elbas och sedan gitarr och sj\u00f6ng i ett antal olika punkband.[&#8230;]<\/p>\n","protected":false},"author":1,"featured_media":0,"parent":0,"menu_order":0,"comment_status":"closed","ping_status":"closed","template":"","meta":{"ngg_post_thumbnail":0},"_links":{"self":[{"href":"https:\/\/www.larsandersjohansson.se\/index.php?rest_route=\/wp\/v2\/pages\/46"}],"collection":[{"href":"https:\/\/www.larsandersjohansson.se\/index.php?rest_route=\/wp\/v2\/pages"}],"about":[{"href":"https:\/\/www.larsandersjohansson.se\/index.php?rest_route=\/wp\/v2\/types\/page"}],"author":[{"embeddable":true,"href":"https:\/\/www.larsandersjohansson.se\/index.php?rest_route=\/wp\/v2\/users\/1"}],"replies":[{"embeddable":true,"href":"https:\/\/www.larsandersjohansson.se\/index.php?rest_route=%2Fwp%2Fv2%2Fcomments&post=46"}],"version-history":[{"count":24,"href":"https:\/\/www.larsandersjohansson.se\/index.php?rest_route=\/wp\/v2\/pages\/46\/revisions"}],"predecessor-version":[{"id":6301,"href":"https:\/\/www.larsandersjohansson.se\/index.php?rest_route=\/wp\/v2\/pages\/46\/revisions\/6301"}],"wp:attachment":[{"href":"https:\/\/www.larsandersjohansson.se\/index.php?rest_route=%2Fwp%2Fv2%2Fmedia&parent=46"}],"curies":[{"name":"wp","href":"https:\/\/api.w.org\/{rel}","templated":true}]}}