{"id":4755,"date":"2015-11-28T13:17:12","date_gmt":"2015-11-28T12:17:12","guid":{"rendered":"http:\/\/www.larsandersjohansson.se\/?page_id=4755"},"modified":"2021-06-21T12:48:26","modified_gmt":"2021-06-21T10:48:26","slug":"forfattare","status":"publish","type":"page","link":"https:\/\/www.larsandersjohansson.se\/?page_id=4755","title":{"rendered":"F\u00f6rfattare"},"content":{"rendered":"\n<p>Lars Anders Johansson \u00e4r b\u00e5de lyriker och prosaf\u00f6rfattare. Han har givit ut tv\u00e5 diktsamlingar, <a href=\"https:\/\/www.larsandersjohansson.se\/?page_id=4761\">Segelmakaren<\/a> (Hydra f\u00f6rlag 2013) och <a href=\"https:\/\/www.larsandersjohansson.se\/?page_id=5300\">Sonetter<\/a> (Bokf\u00f6rlaget Augusti 2018).<br><br>Lars Anders Johansson har ocks\u00e5 skrivit tre fackb\u00f6cker: <a href=\"https:\/\/www.larsandersjohansson.se\/?page_id=4764\">Hatets och illviljans kolport\u00f6rer. Om mediebilden av n\u00e4ringslivets opinionsbildning<\/a> 1970-2012 (Timbro F\u00f6rlag 2012), <a href=\"https:\/\/www.larsandersjohansson.se\/?page_id=4766\">Varken bildning eller piano<\/a> (antologi, redakt\u00f6r och medf\u00f6rfattare, Timbro F\u00f6rlag 2015) samt <a href=\"https:\/\/www.larsandersjohansson.se\/?page_id=5253\">Att dansa efter maktens pipa. Kultur i politikens tj\u00e4nst<\/a> (Timbro F\u00f6rlag 2017). <\/p>\n\n\n\n<figure class=\"wp-block-image size-large\"><img decoding=\"async\" loading=\"lazy\" width=\"1024\" height=\"683\" src=\"https:\/\/www.larsandersjohansson.se\/wordpress\/wp-content\/uploads\/2021\/06\/WAH1691-3-1024x683.jpg\" alt=\"\" class=\"wp-image-6318\" srcset=\"https:\/\/www.larsandersjohansson.se\/wordpress\/wp-content\/uploads\/2021\/06\/WAH1691-3-1024x683.jpg 1024w, https:\/\/www.larsandersjohansson.se\/wordpress\/wp-content\/uploads\/2021\/06\/WAH1691-3-300x200.jpg 300w, https:\/\/www.larsandersjohansson.se\/wordpress\/wp-content\/uploads\/2021\/06\/WAH1691-3-768x513.jpg 768w, https:\/\/www.larsandersjohansson.se\/wordpress\/wp-content\/uploads\/2021\/06\/WAH1691-3-1536x1025.jpg 1536w, https:\/\/www.larsandersjohansson.se\/wordpress\/wp-content\/uploads\/2021\/06\/WAH1691-3-2048x1367.jpg 2048w, https:\/\/www.larsandersjohansson.se\/wordpress\/wp-content\/uploads\/2021\/06\/WAH1691-3-840x560.jpg 840w, https:\/\/www.larsandersjohansson.se\/wordpress\/wp-content\/uploads\/2021\/06\/WAH1691-3-120x80.jpg 120w, https:\/\/www.larsandersjohansson.se\/wordpress\/wp-content\/uploads\/2021\/06\/WAH1691-3-360x240.jpg 360w, https:\/\/www.larsandersjohansson.se\/wordpress\/wp-content\/uploads\/2021\/06\/WAH1691-3-600x400.jpg 600w\" sizes=\"(max-width: 1024px) 100vw, 1024px\" \/><figcaption>Foto: Helena Wahlman<\/figcaption><\/figure>\n","protected":false},"excerpt":{"rendered":"<p>Lars Anders Johansson \u00e4r b\u00e5de lyriker och prosaf\u00f6rfattare. Han har givit ut tv\u00e5 diktsamlingar, Segelmakaren (Hydra f\u00f6rlag 2013) och Sonetter (Bokf\u00f6rlaget Augusti 2018). Lars Anders Johansson har ocks\u00e5 skrivit tre[&#8230;]<\/p>\n","protected":false},"author":1,"featured_media":0,"parent":0,"menu_order":0,"comment_status":"closed","ping_status":"open","template":"","meta":{"ngg_post_thumbnail":0},"_links":{"self":[{"href":"https:\/\/www.larsandersjohansson.se\/index.php?rest_route=\/wp\/v2\/pages\/4755"}],"collection":[{"href":"https:\/\/www.larsandersjohansson.se\/index.php?rest_route=\/wp\/v2\/pages"}],"about":[{"href":"https:\/\/www.larsandersjohansson.se\/index.php?rest_route=\/wp\/v2\/types\/page"}],"author":[{"embeddable":true,"href":"https:\/\/www.larsandersjohansson.se\/index.php?rest_route=\/wp\/v2\/users\/1"}],"replies":[{"embeddable":true,"href":"https:\/\/www.larsandersjohansson.se\/index.php?rest_route=%2Fwp%2Fv2%2Fcomments&post=4755"}],"version-history":[{"count":3,"href":"https:\/\/www.larsandersjohansson.se\/index.php?rest_route=\/wp\/v2\/pages\/4755\/revisions"}],"predecessor-version":[{"id":6324,"href":"https:\/\/www.larsandersjohansson.se\/index.php?rest_route=\/wp\/v2\/pages\/4755\/revisions\/6324"}],"wp:attachment":[{"href":"https:\/\/www.larsandersjohansson.se\/index.php?rest_route=%2Fwp%2Fv2%2Fmedia&parent=4755"}],"curies":[{"name":"wp","href":"https:\/\/api.w.org\/{rel}","templated":true}]}}