{"id":4766,"date":"2015-11-28T13:41:18","date_gmt":"2015-11-28T12:41:18","guid":{"rendered":"http:\/\/www.larsandersjohansson.se\/?page_id=4766"},"modified":"2015-11-28T15:32:50","modified_gmt":"2015-11-28T14:32:50","slug":"varken-bildning-eller-piano","status":"publish","type":"page","link":"https:\/\/www.larsandersjohansson.se\/?page_id=4766","title":{"rendered":"Varken bildning eller piano"},"content":{"rendered":"<h1>Varken bildning eller piano<\/h1>\n<h2>Vantrivs borgerligheten i kulturen?<\/h2>\n<p><strong>Lars Anders Johansson (red.) Timbro f\u00f6rlag 2015<\/strong><\/p>\n<p>&nbsp;<\/p>\n<p><a href=\"https:\/\/www.larsandersjohansson.se\/wordpress\/wp-content\/uploads\/2015\/11\/varkenbildning_framsida.jpg\"><img decoding=\"async\" loading=\"lazy\" class=\"alignleft size-medium wp-image-4802\" src=\"https:\/\/www.larsandersjohansson.se\/wordpress\/wp-content\/uploads\/2015\/11\/varkenbildning_framsida-194x300.jpg\" alt=\"varkenbildning_framsida\" width=\"194\" height=\"300\" srcset=\"https:\/\/www.larsandersjohansson.se\/wordpress\/wp-content\/uploads\/2015\/11\/varkenbildning_framsida-194x300.jpg 194w, https:\/\/www.larsandersjohansson.se\/wordpress\/wp-content\/uploads\/2015\/11\/varkenbildning_framsida-663x1024.jpg 663w, https:\/\/www.larsandersjohansson.se\/wordpress\/wp-content\/uploads\/2015\/11\/varkenbildning_framsida-880x1357.jpg 880w, https:\/\/www.larsandersjohansson.se\/wordpress\/wp-content\/uploads\/2015\/11\/varkenbildning_framsida-324x500.jpg 324w, https:\/\/www.larsandersjohansson.se\/wordpress\/wp-content\/uploads\/2015\/11\/varkenbildning_framsida-900x1388.jpg 900w, https:\/\/www.larsandersjohansson.se\/wordpress\/wp-content\/uploads\/2015\/11\/varkenbildning_framsida.jpg 1654w\" sizes=\"(max-width: 194px) 100vw, 194px\" \/><\/a><\/p>\n<p>&nbsp;<\/p>\n<p>Under f\u00f6rsta halvan av det f\u00f6rra seklet betraktades borgerligheten som det kulturb\u00e4rande samh\u00e4llsskiktet. Sedan dess har n\u00e5gonting h\u00e4nt. I Varken bildning eller piano tar \u00e5tta f\u00f6rfattare sig an fr\u00e5gan om borgerlighetens till synes komplicerade f\u00f6rh\u00e5llande till kulturlivet: Therese Bohman, Anna Brodow Inzaina, Torbj\u00f6rn Elensky, Tobias Harding, Lars Anders Johansson, Jens Liljestrand och Henrik Nerlund. Vad \u00e4r ens borgerlighet idag? Finns det en borgerlig kultur och har den i s\u00e5 fall n\u00e5gon framtid?<\/p>\n<p>&nbsp;<\/p>\n<p><a title=\"K\u00f6p p\u00e5 Adlibris\" href=\"http:\/\/www.adlibris.com\/se\/bok\/varken-bildning-eller-piano-vantrivs-borgerligheten-i-kulturen-9789187709746\">K\u00f6p p\u00e5 Adlibris.<\/a><\/p>\n","protected":false},"excerpt":{"rendered":"<p>Varken bildning eller piano Vantrivs borgerligheten i kulturen? Lars Anders Johansson (red.) Timbro f\u00f6rlag 2015 &nbsp; &nbsp; Under f\u00f6rsta halvan av det f\u00f6rra seklet betraktades borgerligheten som det kulturb\u00e4rande samh\u00e4llsskiktet.[&#8230;]<\/p>\n","protected":false},"author":1,"featured_media":0,"parent":0,"menu_order":0,"comment_status":"open","ping_status":"open","template":"","meta":{"ngg_post_thumbnail":0},"_links":{"self":[{"href":"https:\/\/www.larsandersjohansson.se\/index.php?rest_route=\/wp\/v2\/pages\/4766"}],"collection":[{"href":"https:\/\/www.larsandersjohansson.se\/index.php?rest_route=\/wp\/v2\/pages"}],"about":[{"href":"https:\/\/www.larsandersjohansson.se\/index.php?rest_route=\/wp\/v2\/types\/page"}],"author":[{"embeddable":true,"href":"https:\/\/www.larsandersjohansson.se\/index.php?rest_route=\/wp\/v2\/users\/1"}],"replies":[{"embeddable":true,"href":"https:\/\/www.larsandersjohansson.se\/index.php?rest_route=%2Fwp%2Fv2%2Fcomments&post=4766"}],"version-history":[{"count":5,"href":"https:\/\/www.larsandersjohansson.se\/index.php?rest_route=\/wp\/v2\/pages\/4766\/revisions"}],"predecessor-version":[{"id":4805,"href":"https:\/\/www.larsandersjohansson.se\/index.php?rest_route=\/wp\/v2\/pages\/4766\/revisions\/4805"}],"wp:attachment":[{"href":"https:\/\/www.larsandersjohansson.se\/index.php?rest_route=%2Fwp%2Fv2%2Fmedia&parent=4766"}],"curies":[{"name":"wp","href":"https:\/\/api.w.org\/{rel}","templated":true}]}}