{"id":5253,"date":"2017-08-24T14:17:25","date_gmt":"2017-08-24T12:17:25","guid":{"rendered":"http:\/\/www.larsandersjohansson.se\/?page_id=5253"},"modified":"2017-08-24T14:22:17","modified_gmt":"2017-08-24T12:22:17","slug":"att-dansa-efter-maktens-pipa","status":"publish","type":"page","link":"https:\/\/www.larsandersjohansson.se\/?page_id=5253","title":{"rendered":"Att dansa efter maktens pipa"},"content":{"rendered":"<h1 class=\"heading--product-title \">Att dansa efter maktens pipa : kultur i politikens tj\u00e4nst<\/h1>\n<p><a href=\"https:\/\/www.larsandersjohansson.se\/wordpress\/wp-content\/uploads\/2017\/05\/att_dansa_efter_maktens_pipa_omslag.jpeg\"><img decoding=\"async\" loading=\"lazy\" class=\"alignleft size-medium wp-image-5177\" src=\"https:\/\/www.larsandersjohansson.se\/wordpress\/wp-content\/uploads\/2017\/05\/att_dansa_efter_maktens_pipa_omslag-212x300.jpeg\" alt=\"att_dansa_efter_maktens_pipa_omslag\" width=\"212\" height=\"300\" srcset=\"https:\/\/www.larsandersjohansson.se\/wordpress\/wp-content\/uploads\/2017\/05\/att_dansa_efter_maktens_pipa_omslag-212x300.jpeg 212w, https:\/\/www.larsandersjohansson.se\/wordpress\/wp-content\/uploads\/2017\/05\/att_dansa_efter_maktens_pipa_omslag-768x1086.jpeg 768w, https:\/\/www.larsandersjohansson.se\/wordpress\/wp-content\/uploads\/2017\/05\/att_dansa_efter_maktens_pipa_omslag-724x1024.jpeg 724w, https:\/\/www.larsandersjohansson.se\/wordpress\/wp-content\/uploads\/2017\/05\/att_dansa_efter_maktens_pipa_omslag-880x1244.jpeg 880w, https:\/\/www.larsandersjohansson.se\/wordpress\/wp-content\/uploads\/2017\/05\/att_dansa_efter_maktens_pipa_omslag-354x500.jpeg 354w\" sizes=\"(max-width: 212px) 100vw, 212px\" \/><\/a>I\u00a0Att dansa efter maktens pipa\u00a0tar Lars Anders Johansson ett stort grepp om den svenska kulturpolitiken.I bokens f\u00f6rsta del f\u00f6ljer vi den kulturpolitiska utvecklingen fr\u00e5n 1930-talets sociala ingenj\u00f6rskonst via 1960- och 70-talens radikalism, 1980-talets postmodernism och 1990-talets m\u00e5ngkulturalism. I den andra delen ges ett teoretiskt perspektiv p\u00e5 de olika begrepp och syns\u00e4tt som pr\u00e4glat kulturpolitiken. I den tredje delen skisseras t\u00e4nkbara liberala och konservativa alternativ.Att dansa efter maktens pipa\u00a0\u00e4r ov\u00e4rderlig f\u00f6r den som vill f\u00f6rst\u00e5 mekanismerna bakom kulturpolitiken, hur den har blivit som den blivit och vad som skulle kunna g\u00f6ras i st\u00e4llet.Med ett f\u00f6rord av Torbj\u00f6rn Elensky.I bokens f\u00f6rsta del f\u00f6ljer vi den kulturpolitiska utvecklingen fr\u00e5n 1930-talets sociala ingenj\u00f6rskonst via 1960- och 70-talens radikalism, 1980-talets postmodernism och 1990-talets m\u00e5ngkulturalism. I den andra delen ges ett teoretiskt perspektiv p\u00e5 de olika begrepp och syns\u00e4tt som pr\u00e4glat kulturpolitiken. I den tredje delen skisseras t\u00e4nkbara liberala och konservativa alternativ.<\/p>\n<p>Att dansa efter maktens pipa \u00e4r ov\u00e4rderlig f\u00f6r den som vill f\u00f6rst\u00e5 mekanismerna bakom kulturpolitiken, hur den har blivit som den blivit och vad som skulle kunna g\u00f6ras i st\u00e4llet.<\/p>\n<p>Med ett f\u00f6rord av Torbj\u00f6rn Elensky.<\/p>\n","protected":false},"excerpt":{"rendered":"<p>Att dansa efter maktens pipa : kultur i politikens tj\u00e4nst I\u00a0Att dansa efter maktens pipa\u00a0tar Lars Anders Johansson ett stort grepp om den svenska kulturpolitiken.I bokens f\u00f6rsta del f\u00f6ljer vi[&#8230;]<\/p>\n","protected":false},"author":1,"featured_media":0,"parent":4755,"menu_order":0,"comment_status":"closed","ping_status":"closed","template":"","meta":{"ngg_post_thumbnail":0},"_links":{"self":[{"href":"https:\/\/www.larsandersjohansson.se\/index.php?rest_route=\/wp\/v2\/pages\/5253"}],"collection":[{"href":"https:\/\/www.larsandersjohansson.se\/index.php?rest_route=\/wp\/v2\/pages"}],"about":[{"href":"https:\/\/www.larsandersjohansson.se\/index.php?rest_route=\/wp\/v2\/types\/page"}],"author":[{"embeddable":true,"href":"https:\/\/www.larsandersjohansson.se\/index.php?rest_route=\/wp\/v2\/users\/1"}],"replies":[{"embeddable":true,"href":"https:\/\/www.larsandersjohansson.se\/index.php?rest_route=%2Fwp%2Fv2%2Fcomments&post=5253"}],"version-history":[{"count":1,"href":"https:\/\/www.larsandersjohansson.se\/index.php?rest_route=\/wp\/v2\/pages\/5253\/revisions"}],"predecessor-version":[{"id":5254,"href":"https:\/\/www.larsandersjohansson.se\/index.php?rest_route=\/wp\/v2\/pages\/5253\/revisions\/5254"}],"up":[{"embeddable":true,"href":"https:\/\/www.larsandersjohansson.se\/index.php?rest_route=\/wp\/v2\/pages\/4755"}],"wp:attachment":[{"href":"https:\/\/www.larsandersjohansson.se\/index.php?rest_route=%2Fwp%2Fv2%2Fmedia&parent=5253"}],"curies":[{"name":"wp","href":"https:\/\/api.w.org\/{rel}","templated":true}]}}