{"id":5658,"date":"2019-08-31T09:17:36","date_gmt":"2019-08-31T07:17:36","guid":{"rendered":"http:\/\/www.larsandersjohansson.se\/?page_id=5658"},"modified":"2019-08-31T09:33:54","modified_gmt":"2019-08-31T07:33:54","slug":"sangbok","status":"publish","type":"page","link":"https:\/\/www.larsandersjohansson.se\/?page_id=5658","title":{"rendered":"S\u00e5ngbok"},"content":{"rendered":"<p><a href=\"https:\/\/www.larsandersjohansson.se\/wordpress\/wp-content\/uploads\/2019\/08\/Sa\u030anger-framsida.jpg\"><img decoding=\"async\" loading=\"lazy\" class=\"alignleft size-medium wp-image-5659\" src=\"https:\/\/www.larsandersjohansson.se\/wordpress\/wp-content\/uploads\/2019\/08\/Sa\u030anger-framsida-200x300.jpg\" alt=\"\" width=\"200\" height=\"300\" srcset=\"https:\/\/www.larsandersjohansson.se\/wordpress\/wp-content\/uploads\/2019\/08\/Sa\u030anger-framsida-200x300.jpg 200w, https:\/\/www.larsandersjohansson.se\/wordpress\/wp-content\/uploads\/2019\/08\/Sa\u030anger-framsida-768x1152.jpg 768w, https:\/\/www.larsandersjohansson.se\/wordpress\/wp-content\/uploads\/2019\/08\/Sa\u030anger-framsida-683x1024.jpg 683w, https:\/\/www.larsandersjohansson.se\/wordpress\/wp-content\/uploads\/2019\/08\/Sa\u030anger-framsida-880x1320.jpg 880w, https:\/\/www.larsandersjohansson.se\/wordpress\/wp-content\/uploads\/2019\/08\/Sa\u030anger-framsida.jpg 1378w\" sizes=\"(max-width: 200px) 100vw, 200px\" \/><\/a>2018 sl\u00e4ppte <a href=\"http:\/\/www.bokforlagetaugusti.se\">Bokf\u00f6rlaget Augusti<\/a> Lars Anders Johanssons kritikerrosade prisade sonettsamling <em>Sonetter<\/em>. I oktober 2019 f\u00f6ljer vi upp den utgivningen med boken <em>S\u00e5nger.<\/em> I <em>S\u00e5nger<\/em> \u00e4r det trubaduren, inte diktaren, Lars Anders Johansson som samlat sin fullst\u00e4ndiga produktion av visor fr\u00e5n ett trubadurskap som sp\u00e4nner \u00f6ver dryga tv\u00e5 decennier. H\u00e4r blandar Lars Anders Johansson s\u00e5nger om k\u00e4rlek, fotboll med texter av Heidenstam och Karlfeldt.<\/p>\n<p><span style=\"font-family: -apple-system, BlinkMacSystemFont, 'Segoe UI', Roboto, Oxygen-Sans, Ubuntu, Cantarell, 'Helvetica Neue', sans-serif;\">Bokens ges ut i helklot och de trehundra sidorna rymmer notbild och texter. Den kan best\u00e4llas direkt fr\u00e5n f\u00f6rlaget eller genom bokhandelns olika kanaler.<\/p>\n<p><\/span>Sagt om diktsamlingen Sonetter:<\/p>\n<p><em>Det \u00e4r inte bara sansl\u00f6st vackert, stringent och stramt, det \u00e4r p\u00e5 samma g\u00e5ng ett bevis p\u00e5 att det g\u00e5r att skapa ett litter\u00e4rt tilltal som bottnar i komplexitet. <\/em>Kristian Lundberg, Mittmedias tidningar.<\/p>\n<p><em>Sonetter \u00e4r ett storverk, ett m\u00e4starprov. <\/em>Peter J Olsson,\u00a0<a href=\"http:\/\/www.svensktidskrift.se\/en-homerisk-hemfard-i-sonettens-form\/\">Svensk Tidskrift<\/a>.<\/p>\n<p><em>Det \u00e4r just den rikhaltiga variationen som g\u00f6r diktsamlingen till en behaglig och stark upplevelse \u2500<\/em><em> tidsspannen och den frejdiga blandningen mellan h\u00f6gt och l\u00e5gt. Det \u00e4r h\u00e4rligt att f\u00e5 ta del av Lars Anders Johansson oh\u00e4mmade k\u00e4rlek till sonetten och den of\u00f6rfalskade gl\u00e4djeyran smittar av sig p\u00e5 l\u00e4saren. <\/em>Cecilia Persson, Opulens.<\/p>\n<p>Sagt om Lars Anders Johansons visor:<\/p>\n<p><em>Med Vingklippt visar Lars Anders Johansson upp sig som en mycket intressant artist och l\u00e5tskrivare som l\u00e5nar lite h\u00e4r och d\u00e4r \u2026 Resultatet \u00e4r ett homogent och trots det spretiga mycket sammanh\u00e5llet album med ett sp\u00e4nnande uttryck. <\/em>\u00a0Tomas Fridholm, Musikindustri.<\/p>\n<p><em style=\"font-family: -apple-system, BlinkMacSystemFont, 'Segoe UI', Roboto, Oxygen-Sans, Ubuntu, Cantarell, 'Helvetica Neue', sans-serif;\">Om ett s\u00e5 extremt otidsenligt album som \u201dI Fridolins sp\u00e5r\u201d bara f\u00e5r lite hj\u00e4lp p\u00e5 traven att tr\u00e4nga igenom mediebruset kan det h\u00e4r bli en lika stor framg\u00e5ng som Sofia Karlssons tolkningar av Dan Andersson. <\/em><span style=\"font-family: -apple-system, BlinkMacSystemFont, 'Segoe UI', Roboto, Oxygen-Sans, Ubuntu, Cantarell, 'Helvetica Neue', sans-serif;\">Jan Gradvall , DI Weekend<\/p>\n<p><\/span><em>Nya skivan \u201dLigistliv\u201d [har] m\u00e5nga fulltr\u00e4ffar b\u00e5de musikaliskt och textm\u00e4ssigt. Han \u00e4r en ordkonstn\u00e4r av rang, b\u00e5de n\u00e4r han bjuder p\u00e5 historiska skr\u00f6nor och mer samtida samh\u00e4llskritik, och den rikliga instrumenteringen ger musiken b\u00e5de s\u00e4rpr\u00e4gel och energi. Rekommenderas! <\/em>Stefan Warnqvist, Upsala Nya Tidning<\/p>\n<p>L\u00e4s mer p\u00e5 <a href=\"http:\/\/www.bokforlagetaugusti.se\">www.bokforlagetaugusti.se<\/a><\/p>\n","protected":false},"excerpt":{"rendered":"<p>2018 sl\u00e4ppte Bokf\u00f6rlaget Augusti Lars Anders Johanssons kritikerrosade prisade sonettsamling Sonetter. I oktober 2019 f\u00f6ljer vi upp den utgivningen med boken S\u00e5nger. I S\u00e5nger \u00e4r det trubaduren, inte diktaren, Lars[&#8230;]<\/p>\n","protected":false},"author":1,"featured_media":0,"parent":0,"menu_order":0,"comment_status":"closed","ping_status":"closed","template":"","meta":{"ngg_post_thumbnail":0},"_links":{"self":[{"href":"https:\/\/www.larsandersjohansson.se\/index.php?rest_route=\/wp\/v2\/pages\/5658"}],"collection":[{"href":"https:\/\/www.larsandersjohansson.se\/index.php?rest_route=\/wp\/v2\/pages"}],"about":[{"href":"https:\/\/www.larsandersjohansson.se\/index.php?rest_route=\/wp\/v2\/types\/page"}],"author":[{"embeddable":true,"href":"https:\/\/www.larsandersjohansson.se\/index.php?rest_route=\/wp\/v2\/users\/1"}],"replies":[{"embeddable":true,"href":"https:\/\/www.larsandersjohansson.se\/index.php?rest_route=%2Fwp%2Fv2%2Fcomments&post=5658"}],"version-history":[{"count":4,"href":"https:\/\/www.larsandersjohansson.se\/index.php?rest_route=\/wp\/v2\/pages\/5658\/revisions"}],"predecessor-version":[{"id":5667,"href":"https:\/\/www.larsandersjohansson.se\/index.php?rest_route=\/wp\/v2\/pages\/5658\/revisions\/5667"}],"wp:attachment":[{"href":"https:\/\/www.larsandersjohansson.se\/index.php?rest_route=%2Fwp%2Fv2%2Fmedia&parent=5658"}],"curies":[{"name":"wp","href":"https:\/\/api.w.org\/{rel}","templated":true}]}}