{"id":5773,"date":"2019-10-04T07:35:37","date_gmt":"2019-10-04T05:35:37","guid":{"rendered":"http:\/\/www.larsandersjohansson.se\/?page_id=5773"},"modified":"2021-06-21T12:48:54","modified_gmt":"2021-06-21T10:48:54","slug":"musiker","status":"publish","type":"page","link":"https:\/\/www.larsandersjohansson.se\/?page_id=5773","title":{"rendered":"Musiker"},"content":{"rendered":"\n<p><a href=\"https:\/\/www.larsandersjohansson.se\/?page_id=8\">Diskografi<\/a><br><a href=\"https:\/\/www.larsandersjohansson.se\/?page_id=12\">Youtube<\/a><br><a href=\"https:\/\/www.larsandersjohansson.se\/?page_id=17\">Erik Axel Karlfeldt<\/a><br><a href=\"https:\/\/www.larsandersjohansson.se\/?page_id=5658\">S\u00e5ngbok<\/a><\/p>\n\n\n\n<p>Lars Anders Johansson \u00e4r l\u00e5tskrivare, tons\u00e4ttare och s\u00e5ngare verksam i den svenska litter\u00e4ra vistraditionen. Han har givit ut fem full\u00e4ngdsalbum, en EP och ett antal singlar under eget namn. <br><br>Vid sidan om den egna visproduktionen har Johansson ocks\u00e5 tonsatt \u00e4ldre svenska diktare, som Erik Axel Karlfeldt, Verner von Heidenstam och Gustaf Fr\u00f6ding. Tons\u00e4ttningarna finns utgivna p\u00e5 skivorna I Fridolins sp\u00e5r (Hemlandss\u00e5nger 2008) och Ren\u00e4ssans (Dimma Sweden 2016).<\/p>\n\n\n\n<p>L\u00e4s mer om skivorna i <a href=\"https:\/\/www.larsandersjohansson.se\/?page_id=8\">Diskografi<\/a>.<\/p>\n\n\n\n<p>Lars Anders Johanssons utgivna s\u00e5nger och tons\u00e4ttningar finns samlade med noter, texter och ackordsanalyser i boken <a href=\"https:\/\/www.larsandersjohansson.se\/?page_id=5658\">S\u00e5nger <\/a>(Bokf\u00f6rlaget Augusti 2019).<\/p>\n\n\n\n<p>Lars Anders Johansson har ocks\u00e5 varit verksam i olika bandkonstellationer, bland annat G\u00e4vlepunkbandet Bovver Brigade och vistrion Tv\u00e5 Taube och en Bellman.<\/p>\n\n\n\n<figure class=\"wp-block-image size-large\"><img decoding=\"async\" loading=\"lazy\" width=\"1024\" height=\"683\" src=\"https:\/\/www.larsandersjohansson.se\/wordpress\/wp-content\/uploads\/2021\/06\/WAH1499-3-1024x683.jpg\" alt=\"\" class=\"wp-image-6316\" srcset=\"https:\/\/www.larsandersjohansson.se\/wordpress\/wp-content\/uploads\/2021\/06\/WAH1499-3-1024x683.jpg 1024w, https:\/\/www.larsandersjohansson.se\/wordpress\/wp-content\/uploads\/2021\/06\/WAH1499-3-300x200.jpg 300w, https:\/\/www.larsandersjohansson.se\/wordpress\/wp-content\/uploads\/2021\/06\/WAH1499-3-768x513.jpg 768w, https:\/\/www.larsandersjohansson.se\/wordpress\/wp-content\/uploads\/2021\/06\/WAH1499-3-1536x1025.jpg 1536w, https:\/\/www.larsandersjohansson.se\/wordpress\/wp-content\/uploads\/2021\/06\/WAH1499-3-2048x1367.jpg 2048w, https:\/\/www.larsandersjohansson.se\/wordpress\/wp-content\/uploads\/2021\/06\/WAH1499-3-840x560.jpg 840w, https:\/\/www.larsandersjohansson.se\/wordpress\/wp-content\/uploads\/2021\/06\/WAH1499-3-120x80.jpg 120w, https:\/\/www.larsandersjohansson.se\/wordpress\/wp-content\/uploads\/2021\/06\/WAH1499-3-360x240.jpg 360w, https:\/\/www.larsandersjohansson.se\/wordpress\/wp-content\/uploads\/2021\/06\/WAH1499-3-600x400.jpg 600w\" sizes=\"(max-width: 1024px) 100vw, 1024px\" \/><figcaption>Foto: Helena Wahlman<\/figcaption><\/figure>\n","protected":false},"excerpt":{"rendered":"<p>DiskografiYoutubeErik Axel KarlfeldtS\u00e5ngbok Lars Anders Johansson \u00e4r l\u00e5tskrivare, tons\u00e4ttare och s\u00e5ngare verksam i den svenska litter\u00e4ra vistraditionen. Han har givit ut fem full\u00e4ngdsalbum, en EP och ett antal singlar under[&#8230;]<\/p>\n","protected":false},"author":1,"featured_media":0,"parent":0,"menu_order":0,"comment_status":"closed","ping_status":"closed","template":"","meta":{"ngg_post_thumbnail":0},"_links":{"self":[{"href":"https:\/\/www.larsandersjohansson.se\/index.php?rest_route=\/wp\/v2\/pages\/5773"}],"collection":[{"href":"https:\/\/www.larsandersjohansson.se\/index.php?rest_route=\/wp\/v2\/pages"}],"about":[{"href":"https:\/\/www.larsandersjohansson.se\/index.php?rest_route=\/wp\/v2\/types\/page"}],"author":[{"embeddable":true,"href":"https:\/\/www.larsandersjohansson.se\/index.php?rest_route=\/wp\/v2\/users\/1"}],"replies":[{"embeddable":true,"href":"https:\/\/www.larsandersjohansson.se\/index.php?rest_route=%2Fwp%2Fv2%2Fcomments&post=5773"}],"version-history":[{"count":4,"href":"https:\/\/www.larsandersjohansson.se\/index.php?rest_route=\/wp\/v2\/pages\/5773\/revisions"}],"predecessor-version":[{"id":6325,"href":"https:\/\/www.larsandersjohansson.se\/index.php?rest_route=\/wp\/v2\/pages\/5773\/revisions\/6325"}],"wp:attachment":[{"href":"https:\/\/www.larsandersjohansson.se\/index.php?rest_route=%2Fwp%2Fv2%2Fmedia&parent=5773"}],"curies":[{"name":"wp","href":"https:\/\/api.w.org\/{rel}","templated":true}]}}