{"id":8,"date":"2010-09-17T19:15:56","date_gmt":"2010-09-17T19:15:56","guid":{"rendered":"http:\/\/www.larsandersjohansson.se\/wordpress\/?page_id=8"},"modified":"2015-11-28T15:11:26","modified_gmt":"2015-11-28T14:11:26","slug":"musik","status":"publish","type":"page","link":"https:\/\/www.larsandersjohansson.se\/?page_id=8","title":{"rendered":"Musik"},"content":{"rendered":"<h1>Musik\/Diskografi<\/h1>\n<h2><strong>Ren\u00e4ssans (2016)<\/strong><\/h2>\n<p><a href=\"https:\/\/www.larsandersjohansson.se\/wordpress\/wp-content\/uploads\/2010\/09\/rena\u0308ssansmusik.jpg\"><img decoding=\"async\" loading=\"lazy\" class=\"alignleft size-full wp-image-4777\" src=\"https:\/\/www.larsandersjohansson.se\/wordpress\/wp-content\/uploads\/2010\/09\/rena\u0308ssansmusik.jpg\" alt=\"DVDAXXX2XX.pdf\" width=\"290\" height=\"271\" \/><\/a><\/p>\n<p>&nbsp;<\/p>\n<p><em>Dikter av Verner von Heidenstam, Erik Axel Karlfeldt och Gustaf Fr\u00f6ding\u2028 tonsatta och framf\u00f6rda av Lars Anders Johansson<\/em><\/p>\n<h3><\/h3>\n<p>\u00a0<strong>Medverkande musiker<\/strong><\/p>\n<p>Lars Anders Johansson: s\u00e5ng, gitarr, tin whistle\u2028<br \/>Nicke Wid\u00e9n: gitarr, steel guitar, banjo, elgitarr, dragspel, slagverk<br \/>\u2028Pelle Westlin: kontrabas<br \/>\u2028Jacob Thelin: piano, trummor<br \/>\u2028Erika Lindgren Liljenstolpe: fiol\u2028<br \/>Fredrik Mikael Mattsson: saxofon, fl\u00f6jt<\/p>\n<p>&nbsp;<\/p>\n<p><strong>L\u00e5tlista:<\/strong><\/p>\n<p>1. Fr\u00e5n bev\u00e4rings\u00e5ren (Karlfeldt)<br \/>2. Barrikads\u00e5ng (Heidenstam)<br \/>3. Morgonen (Heidenstam)<br \/>4. Julia Djuplin (Karlfeldt)<br \/>5. H\u00f6sts\u00e5ng (Heidenstam)<br \/>6. Jone Havsf\u00e4rd (Karlfeldt)<br \/>7. Den gamla goda tiden (Fr\u00f6ding)<br \/>8. Natten (Heidenstam)<br \/>9. Hemlandet (Heidenstam)<br \/>10. D\u00f6dens blommor (Heidenstam)<br \/>11. Den rike ynglingen (Karlfeldt)<br \/>12. En gammal man (Karlfeldt)<br \/>13. G\u00f6ken (Karlfeldt)<br \/>14. Svart jul (Karlfeldt)<br \/>15. H\u00e4lsning till Finland \u00e5r 1900 (Heidenstam)<\/p>\n<p><strong>Medverkande musiker<\/strong><\/p>\n<p>Lars Anders Johansson: s\u00e5ng, gitarr, tin whistle\u2028<br \/>Nicke Wid\u00e9n: gitarr, steel guitar, banjo, elgitarr, dragspel, slagverk<br \/>\u2028Pelle Westlin: kontrabas<br \/>\u2028Jacob Thelin: piano, trummor<br \/>\u2028Erika Lindgren Liljenstolpe: fiol\u2028<br \/>Fredrik Mikael Mattsson: saxofon, fl\u00f6jt<\/p>\n<p>Inspelat av Nicke Wid\u00e9n i Studio Ljudo, Uppsala, 2015.\u2028Mastring av Henning Andersson, Dimma Records, Uppsala 2015.<br \/>Omslagsbild: Riddaren och jungfrun av Richard Bergh. Foto: Tord Lundh.<br \/>Grafisk formgivning: Sofie Violett Pehrsson<\/p>\n<h2><strong>Ligistliv (2014)<\/strong><\/h2>\n<p><a href=\"https:\/\/www.larsandersjohansson.se\/wordpress\/wp-content\/uploads\/2010\/09\/LigistlivMusikeja\u0308ndringsbar.jpg\"><img decoding=\"async\" loading=\"lazy\" class=\"alignleft wp-image-4772 size-medium\" src=\"https:\/\/www.larsandersjohansson.se\/wordpress\/wp-content\/uploads\/2010\/09\/LigistlivMusikeja\u0308ndringsbar-300x269.jpg\" alt=\"LigistlivMusikeja\u0308ndringsbar\" width=\"300\" height=\"269\" srcset=\"https:\/\/www.larsandersjohansson.se\/wordpress\/wp-content\/uploads\/2010\/09\/LigistlivMusikeja\u0308ndringsbar-300x269.jpg 300w, https:\/\/www.larsandersjohansson.se\/wordpress\/wp-content\/uploads\/2010\/09\/LigistlivMusikeja\u0308ndringsbar.jpg 302w\" sizes=\"(max-width: 300px) 100vw, 300px\" \/><\/a><strong>Medverkande:<\/strong><\/p>\n<p>Lars Anders Johansson: s\u00e5ng, gitarr, munspel tin whistle<br \/> Nicke Wid\u00e9n: gitarr, piano, slagverk, dragspel, steel guitar, bas<br \/> Fredrik Mikael Mattsson: saxofon, tv\u00e4rfl\u00f6jt, klarinett, k\u00f6rs\u00e5ng<br \/> Anders Sundholm: k\u00f6rs\u00e5ng<br \/> Sofie Violett Pehrsson: k\u00f6rs\u00e5ng<\/p>\n<p>&nbsp;<\/p>\n<p>&nbsp;<\/p>\n<p>&nbsp;<\/p>\n<p>&nbsp;<\/p>\n<p>&nbsp;<\/p>\n<p><strong>L\u00e5tlista:<\/strong><\/p>\n<p>1. Ligga i Loftahammar<br \/> 2. Wallace Henry Hartley<br \/> 3. Smugglaren<br \/> 4. Epitafium<br \/> 5. Ligistliv<br \/> 6. Lots hustru<br \/> 7. K\u00e4r i k\u00e4rleken<br \/> 8. \u00c4lskogsvisa<br \/>9. Otrohetsvisa<br \/> 10. R\u00e4tt kropp, fel tid<br \/> 11. Syndikalisten och jag<br \/> 12. S\u00e5ng till Trafikverket och SJ<br \/> 13. Almedalsvisan<br \/> 14. Vackra visor<\/p>\n<p>&nbsp;<\/p>\n<p>&nbsp;<\/p>\n<p>Inspelat av Nicke Wid\u00e9n i Studio Ljudo i Uppsala 2013-2014.<br \/> Mastrat av Henning Andersson i Uppsala 2014.<br \/> All text och musik \u00a9 och (p) Lars Anders Johansson<br \/>Omslagsbild \u201dSocial animals\u201d av Nick Alm.<br \/> Omslag: Sofie Violett Pehrsson<\/p>\n<p>&nbsp;<\/p>\n<h2><strong>S\u00e5nger mot den moderna fotbollen (2013)<\/strong><\/h2>\n<p>\u00a0<a href=\"https:\/\/www.larsandersjohansson.se\/wordpress\/wp-content\/uploads\/2010\/09\/modernafotbollenmusik.jpg\"><img decoding=\"async\" loading=\"lazy\" class=\"alignleft size-medium wp-image-4776\" src=\"https:\/\/www.larsandersjohansson.se\/wordpress\/wp-content\/uploads\/2010\/09\/modernafotbollenmusik.jpg\" alt=\"modernafotbollenmusik\" width=\"274\" height=\"271\" \/><\/a><\/p>\n<p>&nbsp;<\/p>\n<p>&nbsp;<\/p>\n<p>&nbsp;<\/p>\n<p>&nbsp;<\/p>\n<p>&nbsp;<\/p>\n<p>&nbsp;<\/p>\n<p>&nbsp;<\/p>\n<p>&nbsp;<\/p>\n<p>&nbsp;<\/p>\n<p>&nbsp;<\/p>\n<p>&nbsp;<\/p>\n<p>&nbsp;<\/p>\n<p>&nbsp;<\/p>\n<div class=\"musik_wrapper\">\n<h2 class=\"musik_omslag\"><strong>Budoarst\u00e4mning (2010)<\/strong><br \/> <img decoding=\"async\" class=\"alignleft\" src=\"https:\/\/www.larsandersjohansson.se\/wordpress\/wp-content\/uploads\/bilder\/musik_budoar.jpg\" alt=\"\" \/><\/h2>\n<div class=\"musik_extra\"><strong>Medverkande<\/strong><br \/> Lars Anders Johansson \u2013 s\u00e5ng, gitarr, munspel, tin whistle<br \/> Erik Andersson \u2013 gitarrer<br \/> Knuts Conny \u2013 slagverk, k\u00f6rs\u00e5ng<br \/> Mikael Olsson \u2013 elektrisk basgitarr<br \/> Nicke Wid\u00e9n \u2013 banjo, dobro och pedal steel guitar <br \/> Erika Lindgren \u2013 fiol<br \/> Hans Antehed &#8211; piano<br \/> David W\u00e4rmeg\u00e5rd \u2013 trumpet<br \/> Kristofer Pettersson &#8211; dragspel<\/p>\n<p> <a href=\"https:\/\/www.larsandersjohansson.se\/?page_id=29\">Klicka h\u00e4r f\u00f6r s\u00e5ngtexter<\/a><\/div>\n<\/div>\n<div class=\"musik_lista\"><strong><br \/>L\u00e5tlista<\/strong><br \/> 1. Stora fiskar<br \/> 2. Budoarst\u00e4mning<br \/> 3. Rent mj\u00f6l i p\u00e5sen<br \/> 4. Karavan<br \/> 5. Lysander och k\u00e4rlekskvalen<br \/> 6. Solen st\u00e5r i \u00f6ster<br \/> 7. Ballad<br \/> 8. Fj\u00e4rran h\u00f6jder<br \/> 9. I Gr\u00e4nby centrum utan dig<br \/> 10. M\u00e9nage \u00e0 trois (Trekant)<br \/> 11. H\u00f6st<br \/> 12. F\u00f6r lite tid<br \/> 13. Jungfrufj\u00e4rden<\/div>\n<div class=\"musik_info\"><strong><br \/><\/strong>Inspelat i Upswedens studio i Uppsala 2010 av Henning Andersson.<br \/> Mastrat i Garage 3 studio i Borl\u00e4nge av Daniel Gr\u00f6nberg<\/div>\n<div class=\"musik_798px\"><\/div>\n<p>&nbsp;<\/p>\n<div class=\"musik_wrapper\">\n<h2 class=\"musik_omslag\"><strong>I Fridolins sp\u00e5r (2008)<\/strong><\/h2>\n<div class=\"musik_omslag\"><img decoding=\"async\" class=\"alignleft\" src=\"https:\/\/www.larsandersjohansson.se\/wordpress\/wp-content\/uploads\/bilder\/musik_fridolin.jpg\" alt=\"\" \/><\/div>\n<div class=\"musik_extra\"><\/div>\n<div class=\"musik_extra\"><em>Dikter av Erik Axel Karlfeldt tonsatta och framf\u00f6rda av Lars Anders Johansson<\/em><\/div>\n<div class=\"musik_extra\"><strong>Medverkande<\/strong><br \/> Lars Anders Johansson \u2013 s\u00e5ng och munspel<br \/> Erik Andersson \u2013 gitarr<br \/> Wladimir Aristegui \u2013 slagverk<br \/> Erik Bergstr\u00f6m \u2013 nyckelharpa<br \/> Carlos de Rada \u2013 elbas<br \/> B\u00f6rje Dahr\u00e9n \u2013 mandola<br \/> Andreaz Hed\u00e9n \u2013piano<br \/> Emma H\u00e4rdelin \u2013 s\u00e5ng<br \/> Maja Landin \u2013 klarinett<br \/> Erika Lindgren \u2013 fiol<\/div>\n<p>&nbsp;<\/p>\n<\/div>\n<div class=\"musik_lista\"><strong><br \/>L\u00e5tlista<\/strong><br \/> 1. Adrian Brushane<br \/> 2. Jag lever allena<br \/> 3. H\u00e4rolden<br \/> 4. B\u00f6ljeby-vals<br \/> 5. Maj i Munga<br \/> 6. Gamle dr\u00e4ngen<br \/> 7. I Fridolins sp\u00e5r<br \/> 8. Oxen i Sj\u00f6ga<br \/> 9. Helig lund<br \/> 10. Asp\u00e5kers-polska<br \/> 11. Stadens s\u00e5ngm\u00f6<br \/> 12. Tuna ting II<br \/> 13. Vandring<\/div>\n<div class=\"musik_info\"><strong><br \/><\/strong>Producerat av Andreas Runesson, Hemlandss\u00e5nger<br \/> Inspelat av Daniel Gr\u00f6nberg<br \/> Mastrat av Paul Both\u00e9n.<\/div>\n<div class=\"musik_info\"><\/div>\n<div class=\"musik_info\"><\/div>\n<div class=\"musik_info\"><\/div>\n<div class=\"musik_info\"><\/div>\n<p><\/p>\n<h2 class=\"musik_info\"><strong>Vingklippt (2007)<\/strong><\/h2>\n<div class=\"musik_798px\"><\/div>\n<div class=\"musik_wrapper\">\n<p class=\"alignleft\"><strong>\u00a0<\/strong><\/p>\n<p>&nbsp;<\/p>\n<p class=\"alignleft\"><img decoding=\"async\" class=\"alignleft\" src=\"https:\/\/www.larsandersjohansson.se\/wordpress\/wp-content\/uploads\/bilder\/musik_ving.jpg\" alt=\"\" \/><\/p>\n<p>\u00a0 <\/p>\n<p> <a href=\"https:\/\/www.larsandersjohansson.se\/?page_id=29\">Klicka h\u00e4r f\u00f6r s\u00e5ngtexter<\/a><\/p>\n<\/div>\n<p class=\"musik_lista\"><strong>Medverkande<\/strong><br \/> Lars Anders Johansson \u2013 s\u00e5ng och munspel<br \/> Erik Andersson \u2013 gitarr<br \/> Wladimir Aristegui \u2013 slagverk<br \/> Erik Bergstr\u00f6m \u2013 nyckelharpa<br \/> Carlos de Rada \u2013 elbas<br \/> Yann Le Nestour \u2013 klarinett och basklarinett<br \/> Sofia Karlsson \u2013 tv\u00e4rfl\u00f6jt<br \/> Karin Eriksson \u2013 fiol<br \/> Isabella Marin \u2013 fiol<br \/> \u00c5sa Magnusson \u2013 viola<br \/> Lina Waltin \u2013 cello<br \/> Karin Gr\u00f6nberg \u2013 s\u00e5ng<br \/> Linda Fred\u00e9n \u2013 s\u00e5ng<\/p>\n<div class=\"musik_lista\"><\/div>\n<div class=\"musik_lista\"><\/div>\n<div class=\"musik_lista\"><strong>L\u00e5tlista<\/strong><br \/> 1. Rosor och t\u00f6rnen<br \/> 2. Livet \u00e4r f\u00f6r kort att sl\u00f6sa<br \/> 3. Pretenti\u00f6s<br \/> 4. Punkarevalsen<br \/> 5. Trollet och \u00e4lvan<br \/> 6. Arminius<br \/> 7. Bondens \u00e5r<br \/> 8. Afrodite<br \/> 9. B\u00f6rjan till slutet<br \/> 10. Kvinnans natur<br \/> 11. Tankar vid s\u00e4ngkanten<br \/> 12. Sn\u00f6vit<br \/> 13. Sv\u00e4rmorsdr\u00f6mmen<\/div>\n<div class=\"musik_info\"><strong><\/p>\n<p><\/strong><\/div>\n<div class=\"musik_798px\"><\/div>\n<div class=\"musik_info\">\n<h2 class=\"musik_omslag\"><strong>Sv\u00e4rmorsdr\u00f6mmen (singel 2006)<\/strong><br \/> <img decoding=\"async\" class=\"alignleft\" src=\"https:\/\/www.larsandersjohansson.se\/wordpress\/wp-content\/uploads\/bilder\/musik_svarmor.jpg\" alt=\"\" \/><\/h2>\n<p><strong>Medverkande<\/strong><br \/> Lars Anders Johansson \u2013 s\u00e5ng och munspel<br \/> Erik Andersson \u2013 gitarr<br \/> Wladimir Aristegui \u2013 slagverk<br \/> Carlos de Rada \u2013 elbas<br \/> Karin Eriksson \u2013 fiol<br \/> Karin Gr\u00f6nberg \u2013 s\u00e5ng<br \/> Linda Fred\u00e9n \u2013 s\u00e5ng<\/p>\n<\/div>\n<div class=\"musik_info\"><\/div>\n<div class=\"musik_info\"><\/div>\n<div class=\"musik_info\"><\/div>\n<div class=\"musik_info\"><\/div>\n<div class=\"musik_info\"><\/div>\n<div class=\"musik_info\"><\/div>\n<div class=\"musik_info\">\n<div class=\"musik_extra\"><strong>\u00a0<\/strong><\/div>\n<div class=\"musik_lista\"><strong><br \/>L\u00e5tlista<\/strong><br \/> 1. Sv\u00e4rmorsdr\u00f6mmen<br \/> 2. V\u00e5ldsverkarvalsen<\/div>\n<\/div>\n<div class=\"musik_info\"><\/div>\n<div class=\"musik_info\"><\/div>\n<div class=\"musik_info\"><\/div>\n<div class=\"musik_info\"><\/div>\n<h2 class=\"musik_info\"><strong>Provlyssna<\/strong><\/p>\n<p> Rent Mj\u00f6l i P\u00e5sen<br \/> [soundcloud]http:\/\/soundcloud.com\/lars-anders-johansson\/rent-mjol-i-pasen-lars-anders-johansson[\/soundcloud]<\/p>\n<p> Karavan<br \/> [soundcloud]http:\/\/soundcloud.com\/lars-anders-johansson\/karavan-lars-anders-johansson[\/soundcloud]<\/p>\n<p> Ballad<br \/> [soundcloud]http:\/\/soundcloud.com\/lars-anders-johansson\/ballad-lars-anders-johanson[\/soundcloud]<\/h2>\n<div class=\"musik_info\"><\/div>\n<div class=\"musik_info\"> B\u00f6ljeby-Vals<br \/> [soundcloud]http:\/\/soundcloud.com\/lars-anders-johansson\/b-ljeby-vals[\/soundcloud]<\/p>\n<p> Gamle dr\u00e4ngen<br \/> [soundcloud]http:\/\/soundcloud.com\/lars-anders-johansson\/gamle-dr-ngen[\/soundcloud]<\/div>\n<div class=\"musik_info\"><\/div>\n<div class=\"musik_info\">\n<div class=\"musik_omslag\"><\/div>\n<p> Pretenti\u00f6s<br \/> [soundcloud]http:\/\/soundcloud.com\/lars-anders-johansson\/pretenti-s[\/soundcloud]<\/p>\n<p> Punkarevalsen<br \/> [soundcloud]http:\/\/soundcloud.com\/lars-anders-johansson\/punkarevalsen[\/soundcloud]<\/p>\n<p> Sv\u00e4rmorsdr\u00f6mmen<br \/> [soundcloud]http:\/\/soundcloud.com\/lars-anders-johansson\/sv-rmorsdr-mmen[\/soundcloud]<\/p>\n<\/div>\n<p>&nbsp;<\/p>\n<div class=\"musik_info\">V\u00e5ldsverkarvalsen<br \/> [soundcloud]http:\/\/soundcloud.com\/lars-anders-johansson\/v-ldsverkarvalsen[\/soundcloud]<\/div>\n<div class=\"musik_798px\"><\/div>\n","protected":false},"excerpt":{"rendered":"<p>Musik\/Diskografi Ren\u00e4ssans (2016) &nbsp; Dikter av Verner von Heidenstam, Erik Axel Karlfeldt och Gustaf Fr\u00f6ding\u2028 tonsatta och framf\u00f6rda av Lars Anders Johansson \u00a0Medverkande musiker Lars Anders Johansson: s\u00e5ng, gitarr, tin[&#8230;]<\/p>\n","protected":false},"author":1,"featured_media":0,"parent":0,"menu_order":0,"comment_status":"closed","ping_status":"closed","template":"","meta":{"ngg_post_thumbnail":0},"_links":{"self":[{"href":"https:\/\/www.larsandersjohansson.se\/index.php?rest_route=\/wp\/v2\/pages\/8"}],"collection":[{"href":"https:\/\/www.larsandersjohansson.se\/index.php?rest_route=\/wp\/v2\/pages"}],"about":[{"href":"https:\/\/www.larsandersjohansson.se\/index.php?rest_route=\/wp\/v2\/types\/page"}],"author":[{"embeddable":true,"href":"https:\/\/www.larsandersjohansson.se\/index.php?rest_route=\/wp\/v2\/users\/1"}],"replies":[{"embeddable":true,"href":"https:\/\/www.larsandersjohansson.se\/index.php?rest_route=%2Fwp%2Fv2%2Fcomments&post=8"}],"version-history":[{"count":137,"href":"https:\/\/www.larsandersjohansson.se\/index.php?rest_route=\/wp\/v2\/pages\/8\/revisions"}],"predecessor-version":[{"id":4796,"href":"https:\/\/www.larsandersjohansson.se\/index.php?rest_route=\/wp\/v2\/pages\/8\/revisions\/4796"}],"wp:attachment":[{"href":"https:\/\/www.larsandersjohansson.se\/index.php?rest_route=%2Fwp%2Fv2%2Fmedia&parent=8"}],"curies":[{"name":"wp","href":"https:\/\/api.w.org\/{rel}","templated":true}]}}